{"id":3729,"date":"2020-06-12T09:37:30","date_gmt":"2020-06-12T09:37:30","guid":{"rendered":"https:\/\/www.orpailleur.ch\/product\/sauvignon-blanc-tradition\/"},"modified":"2025-09-10T12:00:56","modified_gmt":"2025-09-10T10:00:56","slug":"sauvignon-blanc-tradition","status":"publish","type":"product","link":"https:\/\/www.orpailleur.ch\/de\/produkt\/sauvignon-blanc-tradition\/","title":{"rendered":"Sauvignon blanc Tradition"},"content":{"rendered":"<p>Eine internationale Rebsorte, die sich im Wallis wohlf\u00fchlt, sofern sie an einem g\u00fcnstigen Ort gepflanzt wird. Ein Genuss f\u00fcr Liebhaber von \u00fcppiger Frucht und Spannung, mit einem trockenen, s\u00e4uerlichen Abgang. Der ideale Partner f\u00fcr alles, was schwimmt.<\/p>\n","protected":false},"excerpt":{"rendered":"<p>Eine internationale Rebsorte, die sich im Wallis wohlf\u00fchlt, sofern sie an einem g\u00fcnstigen Ort gepflanzt wird. Ein Genuss f\u00fcr Liebhaber von \u00fcppiger Frucht und Spannung, mit einem trockenen, s\u00e4uerlichen Abgang. Der ideale Partner f\u00fcr alles, was schwimmt.<\/p>\n","protected":false},"featured_media":3588,"comment_status":"closed","ping_status":"closed","template":"","meta":[],"product_brand":[],"product_cat":[228],"product_tag":[163,164,183,174,173,187],"product_taxonomy":[],"class_list":{"0":"post-3729","1":"product","2":"type-product","3":"status-publish","4":"has-post-thumbnail","6":"product_cat-tradition-de","7":"product_tag-aperitif-de","8":"product_tag-aromatisch","9":"product_tag-fisch","10":"product_tag-fruchtig","11":"product_tag-kase","12":"product_tag-trocken","14":"first","15":"instock","16":"sale","17":"shipping-taxable","18":"purchasable","19":"product-type-variable","20":"has-default-attributes"},"yoast_head":"<!-- This site is optimized with the Yoast SEO plugin v27.5 - https:\/\/yoast.com\/product\/yoast-seo-wordpress\/ -->\n<title>Sauvignon blanc Tradition - Cave l&#039;orpailleur, Fr\u00e9d\u00e9ric Dumoulin, Encaveur<\/title>\n<meta name=\"robots\" content=\"index, follow, max-snippet:-1, max-image-preview:large, max-video-preview:-1\" \/>\n<link rel=\"canonical\" href=\"https:\/\/www.orpailleur.ch\/de\/produkt\/sauvignon-blanc-tradition\/\" \/>\n<meta property=\"og:locale\" content=\"de_DE\" \/>\n<meta property=\"og:type\" content=\"article\" \/>\n<meta property=\"og:title\" content=\"Sauvignon blanc Tradition - Cave l&#039;orpailleur, Fr\u00e9d\u00e9ric Dumoulin, Encaveur\" \/>\n<meta property=\"og:description\" content=\"Eine internationale Rebsorte, die sich im Wallis wohlf\u00fchlt, sofern sie an einem g\u00fcnstigen Ort gepflanzt wird. Ein Genuss f\u00fcr Liebhaber von \u00fcppiger Frucht und Spannung, mit einem trockenen, s\u00e4uerlichen Abgang. Der ideale Partner f\u00fcr alles, was schwimmt.\" \/>\n<meta property=\"og:url\" content=\"https:\/\/www.orpailleur.ch\/de\/produkt\/sauvignon-blanc-tradition\/\" \/>\n<meta property=\"og:site_name\" content=\"Cave l&#039;orpailleur, Fr\u00e9d\u00e9ric Dumoulin, Encaveur\" \/>\n<meta property=\"article:publisher\" content=\"https:\/\/www.facebook.com\/cave.lorpailleur\/\" \/>\n<meta property=\"article:modified_time\" content=\"2025-09-10T10:00:56+00:00\" \/>\n<meta property=\"og:image\" content=\"https:\/\/www.orpailleur.ch\/wp-content\/uploads\/2020\/06\/Tradition-Sauvignon-Blanc.png\" \/>\n\t<meta property=\"og:image:width\" content=\"290\" \/>\n\t<meta property=\"og:image:height\" content=\"1188\" \/>\n\t<meta property=\"og:image:type\" content=\"image\/png\" \/>\n<meta name=\"twitter:card\" content=\"summary_large_image\" \/>\n<meta name=\"twitter:label1\" content=\"Gesch\u00e4tzte Lesezeit\" \/>\n\t<meta name=\"twitter:data1\" content=\"1\u00a0Minute\" \/>\n<script type=\"application\/ld+json\" class=\"yoast-schema-graph\">{\"@context\":\"https:\\\/\\\/schema.org\",\"@graph\":[{\"@type\":\"WebPage\",\"@id\":\"https:\\\/\\\/www.orpailleur.ch\\\/de\\\/produkt\\\/sauvignon-blanc-tradition\\\/\",\"url\":\"https:\\\/\\\/www.orpailleur.ch\\\/de\\\/produkt\\\/sauvignon-blanc-tradition\\\/\",\"name\":\"Sauvignon blanc Tradition - Cave l&#039;orpailleur, Fr\u00e9d\u00e9ric Dumoulin, Encaveur\",\"isPartOf\":{\"@id\":\"https:\\\/\\\/www.orpailleur.ch\\\/de\\\/#website\"},\"primaryImageOfPage\":{\"@id\":\"https:\\\/\\\/www.orpailleur.ch\\\/de\\\/produkt\\\/sauvignon-blanc-tradition\\\/#primaryimage\"},\"image\":{\"@id\":\"https:\\\/\\\/www.orpailleur.ch\\\/de\\\/produkt\\\/sauvignon-blanc-tradition\\\/#primaryimage\"},\"thumbnailUrl\":\"https:\\\/\\\/www.orpailleur.ch\\\/wp-content\\\/uploads\\\/2020\\\/06\\\/Tradition-Sauvignon-Blanc.png\",\"datePublished\":\"2020-06-12T09:37:30+00:00\",\"dateModified\":\"2025-09-10T10:00:56+00:00\",\"breadcrumb\":{\"@id\":\"https:\\\/\\\/www.orpailleur.ch\\\/de\\\/produkt\\\/sauvignon-blanc-tradition\\\/#breadcrumb\"},\"inLanguage\":\"de\",\"potentialAction\":[{\"@type\":\"ReadAction\",\"target\":[\"https:\\\/\\\/www.orpailleur.ch\\\/de\\\/produkt\\\/sauvignon-blanc-tradition\\\/\"]}]},{\"@type\":\"ImageObject\",\"inLanguage\":\"de\",\"@id\":\"https:\\\/\\\/www.orpailleur.ch\\\/de\\\/produkt\\\/sauvignon-blanc-tradition\\\/#primaryimage\",\"url\":\"https:\\\/\\\/www.orpailleur.ch\\\/wp-content\\\/uploads\\\/2020\\\/06\\\/Tradition-Sauvignon-Blanc.png\",\"contentUrl\":\"https:\\\/\\\/www.orpailleur.ch\\\/wp-content\\\/uploads\\\/2020\\\/06\\\/Tradition-Sauvignon-Blanc.png\",\"width\":290,\"height\":1188},{\"@type\":\"BreadcrumbList\",\"@id\":\"https:\\\/\\\/www.orpailleur.ch\\\/de\\\/produkt\\\/sauvignon-blanc-tradition\\\/#breadcrumb\",\"itemListElement\":[{\"@type\":\"ListItem\",\"position\":1,\"name\":\"Accueil\",\"item\":\"https:\\\/\\\/www.orpailleur.ch\\\/de\\\/\"},{\"@type\":\"ListItem\",\"position\":2,\"name\":\"Shop\",\"item\":\"https:\\\/\\\/www.orpailleur.ch\\\/de\\\/shop-2\\\/\"},{\"@type\":\"ListItem\",\"position\":3,\"name\":\"Sauvignon blanc Tradition\"}]},{\"@type\":\"WebSite\",\"@id\":\"https:\\\/\\\/www.orpailleur.ch\\\/de\\\/#website\",\"url\":\"https:\\\/\\\/www.orpailleur.ch\\\/de\\\/\",\"name\":\"Cave l&#039;orpailleur, Fr\u00e9d\u00e9ric Dumoulin, Encaveur\",\"description\":\"L&#039;or de la terre\",\"publisher\":{\"@id\":\"https:\\\/\\\/www.orpailleur.ch\\\/de\\\/#organization\"},\"potentialAction\":[{\"@type\":\"SearchAction\",\"target\":{\"@type\":\"EntryPoint\",\"urlTemplate\":\"https:\\\/\\\/www.orpailleur.ch\\\/de\\\/?s={search_term_string}\"},\"query-input\":{\"@type\":\"PropertyValueSpecification\",\"valueRequired\":true,\"valueName\":\"search_term_string\"}}],\"inLanguage\":\"de\"},{\"@type\":\"Organization\",\"@id\":\"https:\\\/\\\/www.orpailleur.ch\\\/de\\\/#organization\",\"name\":\"Cave l'orpailleur, Fr\u00e9d\u00e9ric Dumoulin, Encaveur\",\"url\":\"https:\\\/\\\/www.orpailleur.ch\\\/de\\\/\",\"logo\":{\"@type\":\"ImageObject\",\"inLanguage\":\"de\",\"@id\":\"https:\\\/\\\/www.orpailleur.ch\\\/de\\\/#\\\/schema\\\/logo\\\/image\\\/\",\"url\":\"https:\\\/\\\/www.orpailleur.ch\\\/wp-content\\\/uploads\\\/2020\\\/06\\\/LOrpailleur_Logo_Quadri-copy.png\",\"contentUrl\":\"https:\\\/\\\/www.orpailleur.ch\\\/wp-content\\\/uploads\\\/2020\\\/06\\\/LOrpailleur_Logo_Quadri-copy.png\",\"width\":300,\"height\":134,\"caption\":\"Cave l'orpailleur, Fr\u00e9d\u00e9ric Dumoulin, Encaveur\"},\"image\":{\"@id\":\"https:\\\/\\\/www.orpailleur.ch\\\/de\\\/#\\\/schema\\\/logo\\\/image\\\/\"},\"sameAs\":[\"https:\\\/\\\/www.facebook.com\\\/cave.lorpailleur\\\/\",\"https:\\\/\\\/www.instagram.com\\\/cave_lorpailleur\\\/\"]}]}<\/script>\n<!-- \/ Yoast SEO plugin. -->","yoast_head_json":{"title":"Sauvignon blanc Tradition - Cave l&#039;orpailleur, Fr\u00e9d\u00e9ric Dumoulin, Encaveur","robots":{"index":"index","follow":"follow","max-snippet":"max-snippet:-1","max-image-preview":"max-image-preview:large","max-video-preview":"max-video-preview:-1"},"canonical":"https:\/\/www.orpailleur.ch\/de\/produkt\/sauvignon-blanc-tradition\/","og_locale":"de_DE","og_type":"article","og_title":"Sauvignon blanc Tradition - Cave l&#039;orpailleur, Fr\u00e9d\u00e9ric Dumoulin, Encaveur","og_description":"Eine internationale Rebsorte, die sich im Wallis wohlf\u00fchlt, sofern sie an einem g\u00fcnstigen Ort gepflanzt wird. Ein Genuss f\u00fcr Liebhaber von \u00fcppiger Frucht und Spannung, mit einem trockenen, s\u00e4uerlichen Abgang. Der ideale Partner f\u00fcr alles, was schwimmt.","og_url":"https:\/\/www.orpailleur.ch\/de\/produkt\/sauvignon-blanc-tradition\/","og_site_name":"Cave l&#039;orpailleur, Fr\u00e9d\u00e9ric Dumoulin, Encaveur","article_publisher":"https:\/\/www.facebook.com\/cave.lorpailleur\/","article_modified_time":"2025-09-10T10:00:56+00:00","og_image":[{"width":290,"height":1188,"url":"https:\/\/www.orpailleur.ch\/wp-content\/uploads\/2020\/06\/Tradition-Sauvignon-Blanc.png","type":"image\/png"}],"twitter_card":"summary_large_image","twitter_misc":{"Gesch\u00e4tzte Lesezeit":"1\u00a0Minute"},"schema":{"@context":"https:\/\/schema.org","@graph":[{"@type":"WebPage","@id":"https:\/\/www.orpailleur.ch\/de\/produkt\/sauvignon-blanc-tradition\/","url":"https:\/\/www.orpailleur.ch\/de\/produkt\/sauvignon-blanc-tradition\/","name":"Sauvignon blanc Tradition - Cave l&#039;orpailleur, Fr\u00e9d\u00e9ric Dumoulin, Encaveur","isPartOf":{"@id":"https:\/\/www.orpailleur.ch\/de\/#website"},"primaryImageOfPage":{"@id":"https:\/\/www.orpailleur.ch\/de\/produkt\/sauvignon-blanc-tradition\/#primaryimage"},"image":{"@id":"https:\/\/www.orpailleur.ch\/de\/produkt\/sauvignon-blanc-tradition\/#primaryimage"},"thumbnailUrl":"https:\/\/www.orpailleur.ch\/wp-content\/uploads\/2020\/06\/Tradition-Sauvignon-Blanc.png","datePublished":"2020-06-12T09:37:30+00:00","dateModified":"2025-09-10T10:00:56+00:00","breadcrumb":{"@id":"https:\/\/www.orpailleur.ch\/de\/produkt\/sauvignon-blanc-tradition\/#breadcrumb"},"inLanguage":"de","potentialAction":[{"@type":"ReadAction","target":["https:\/\/www.orpailleur.ch\/de\/produkt\/sauvignon-blanc-tradition\/"]}]},{"@type":"ImageObject","inLanguage":"de","@id":"https:\/\/www.orpailleur.ch\/de\/produkt\/sauvignon-blanc-tradition\/#primaryimage","url":"https:\/\/www.orpailleur.ch\/wp-content\/uploads\/2020\/06\/Tradition-Sauvignon-Blanc.png","contentUrl":"https:\/\/www.orpailleur.ch\/wp-content\/uploads\/2020\/06\/Tradition-Sauvignon-Blanc.png","width":290,"height":1188},{"@type":"BreadcrumbList","@id":"https:\/\/www.orpailleur.ch\/de\/produkt\/sauvignon-blanc-tradition\/#breadcrumb","itemListElement":[{"@type":"ListItem","position":1,"name":"Accueil","item":"https:\/\/www.orpailleur.ch\/de\/"},{"@type":"ListItem","position":2,"name":"Shop","item":"https:\/\/www.orpailleur.ch\/de\/shop-2\/"},{"@type":"ListItem","position":3,"name":"Sauvignon blanc Tradition"}]},{"@type":"WebSite","@id":"https:\/\/www.orpailleur.ch\/de\/#website","url":"https:\/\/www.orpailleur.ch\/de\/","name":"Cave l&#039;orpailleur, Fr\u00e9d\u00e9ric Dumoulin, Encaveur","description":"L&#039;or de la terre","publisher":{"@id":"https:\/\/www.orpailleur.ch\/de\/#organization"},"potentialAction":[{"@type":"SearchAction","target":{"@type":"EntryPoint","urlTemplate":"https:\/\/www.orpailleur.ch\/de\/?s={search_term_string}"},"query-input":{"@type":"PropertyValueSpecification","valueRequired":true,"valueName":"search_term_string"}}],"inLanguage":"de"},{"@type":"Organization","@id":"https:\/\/www.orpailleur.ch\/de\/#organization","name":"Cave l'orpailleur, Fr\u00e9d\u00e9ric Dumoulin, Encaveur","url":"https:\/\/www.orpailleur.ch\/de\/","logo":{"@type":"ImageObject","inLanguage":"de","@id":"https:\/\/www.orpailleur.ch\/de\/#\/schema\/logo\/image\/","url":"https:\/\/www.orpailleur.ch\/wp-content\/uploads\/2020\/06\/LOrpailleur_Logo_Quadri-copy.png","contentUrl":"https:\/\/www.orpailleur.ch\/wp-content\/uploads\/2020\/06\/LOrpailleur_Logo_Quadri-copy.png","width":300,"height":134,"caption":"Cave l'orpailleur, Fr\u00e9d\u00e9ric Dumoulin, Encaveur"},"image":{"@id":"https:\/\/www.orpailleur.ch\/de\/#\/schema\/logo\/image\/"},"sameAs":["https:\/\/www.facebook.com\/cave.lorpailleur\/","https:\/\/www.instagram.com\/cave_lorpailleur\/"]}]}},"_links":{"self":[{"href":"https:\/\/www.orpailleur.ch\/de\/wp-json\/wp\/v2\/product\/3729","targetHints":{"allow":["GET"]}}],"collection":[{"href":"https:\/\/www.orpailleur.ch\/de\/wp-json\/wp\/v2\/product"}],"about":[{"href":"https:\/\/www.orpailleur.ch\/de\/wp-json\/wp\/v2\/types\/product"}],"replies":[{"embeddable":true,"href":"https:\/\/www.orpailleur.ch\/de\/wp-json\/wp\/v2\/comments?post=3729"}],"wp:featuredmedia":[{"embeddable":true,"href":"https:\/\/www.orpailleur.ch\/de\/wp-json\/wp\/v2\/media\/3588"}],"wp:attachment":[{"href":"https:\/\/www.orpailleur.ch\/de\/wp-json\/wp\/v2\/media?parent=3729"}],"wp:term":[{"taxonomy":"product_brand","embeddable":true,"href":"https:\/\/www.orpailleur.ch\/de\/wp-json\/wp\/v2\/product_brand?post=3729"},{"taxonomy":"product_cat","embeddable":true,"href":"https:\/\/www.orpailleur.ch\/de\/wp-json\/wp\/v2\/product_cat?post=3729"},{"taxonomy":"product_tag","embeddable":true,"href":"https:\/\/www.orpailleur.ch\/de\/wp-json\/wp\/v2\/product_tag?post=3729"},{"taxonomy":"product_taxonomy","embeddable":true,"href":"https:\/\/www.orpailleur.ch\/de\/wp-json\/wp\/v2\/product_taxonomy?post=3729"}],"curies":[{"name":"wp","href":"https:\/\/api.w.org\/{rel}","templated":true}]}}