{"id":14312,"date":"2025-06-12T08:51:01","date_gmt":"2025-06-12T06:51:02","guid":{"rendered":"https:\/\/www.orpailleur.ch\/?post_type=product&#038;p=14312"},"modified":"2025-07-01T01:00:02","modified_gmt":"2025-06-30T23:00:02","slug":"set-cocktails","status":"publish","type":"product","link":"https:\/\/www.orpailleur.ch\/de\/produkt\/set-cocktails\/","title":{"rendered":"Set Cocktails"},"content":{"rendered":"<ul>\n<li>1 Flasche Verjus<\/li>\n<li>1 Flasche Sauvignon Blanc Tradition<\/li>\n<\/ul>\n<p>Wie immer: \u00a0die St\u00fcckzahl ist limitiert, rasch zugreifen lohnt sich, \u00fcberraschen Sie Ihre G\u00e4ste mit diesen aussergew\u00f6hnlichen Kreationen<\/p>\n<h3>Unsere Rezeptvorschl\u00e4ge<\/h3>\n<p><strong><span style=\"color: #8d7434;\">PECHOMATIC<\/span><br \/>\n<\/strong><em>*F\u00fcr ein Cocktail- oder Weinglas von 2 dl<\/em><\/p>\n<p>3 cl Cointreau<br \/>\n1 cl Pfirsichlik\u00f6r<br \/>\n3 cl Verjus<br \/>\n10 cl Sauvignon Blanc<br \/>\n4 cl Mineralwasser sprudelnd<\/p>\n<p>Die alkoholischen Zutaten und Verjus mit Eisw\u00fcrfeln in einem Mixbecher oder Cocktailshaker vermischen, ins Cocktailglas abseihen und mit dem Mineralwasser aufgiessen. Mit einem Pfirsichschnitz dekorieren.<\/p>\n<p><strong><span style=\"color: #8d7434;\">SAUVIGNONITO<\/span><br \/>\n<\/strong><em>*F\u00fcr ein Cocktail- oder Weinglas von 2 dl<\/em><\/p>\n<p>1 cl Rum<br \/>\n1 cl Zuckerrohrsirup<br \/>\n2 cl Verjus<br \/>\n9 cl Sauvignon Blanc<br \/>\n7 cl Mineralwasser sprudelnd<br \/>\nEinige Bl\u00e4ttchen frische Minze<\/p>\n<p>Die alkoholischen Zutaten, Sirup, Verjus und Minzebl\u00e4ttchen zusammen mit Eisw\u00fcrfeln in einem Mixbecher oder Cocktailshaker vermischen, ins Cocktailglas abseihen und mit dem Mineralwasser aufgiessen. Mit einem Minzezweig dekorieren.<\/p>\n<p>&nbsp;<\/p>\n<p><a href=\"https:\/\/www.orpailleur.ch\/wp-content\/uploads\/2025\/06\/P1010898-scaled.jpg\"><img loading=\"lazy\" decoding=\"async\" class=\"alignnone wp-image-14319\" src=\"https:\/\/www.orpailleur.ch\/wp-content\/uploads\/2025\/06\/P1010898-300x200.jpg\" alt=\"\" width=\"441\" height=\"294\" srcset=\"https:\/\/www.orpailleur.ch\/wp-content\/uploads\/2025\/06\/P1010898-300x200.jpg 300w, https:\/\/www.orpailleur.ch\/wp-content\/uploads\/2025\/06\/P1010898-1024x683.jpg 1024w, https:\/\/www.orpailleur.ch\/wp-content\/uploads\/2025\/06\/P1010898-768x512.jpg 768w, https:\/\/www.orpailleur.ch\/wp-content\/uploads\/2025\/06\/P1010898-1536x1024.jpg 1536w, https:\/\/www.orpailleur.ch\/wp-content\/uploads\/2025\/06\/P1010898-2048x1365.jpg 2048w, https:\/\/www.orpailleur.ch\/wp-content\/uploads\/2025\/06\/P1010898-540x360.jpg 540w, https:\/\/www.orpailleur.ch\/wp-content\/uploads\/2025\/06\/P1010898-720x480.jpg 720w, https:\/\/www.orpailleur.ch\/wp-content\/uploads\/2025\/06\/P1010898-350x233.jpg 350w, https:\/\/www.orpailleur.ch\/wp-content\/uploads\/2025\/06\/P1010898-680x453.jpg 680w\" sizes=\"auto, (max-width: 441px) 100vw, 441px\" \/><\/a><\/p>\n","protected":false},"excerpt":{"rendered":"<p>1 Flasche Verjus 1 Flasche Sauvignon Blanc Tradition Wie immer: \u00a0die St\u00fcckzahl ist limitiert, rasch zugreifen lohnt sich, \u00fcberraschen Sie Ihre G\u00e4ste mit diesen aussergew\u00f6hnlichen Kreationen Unsere Rezeptvorschl\u00e4ge PECHOMATIC *F\u00fcr ein Cocktail- oder Weinglas von 2 dl 3 cl Cointreau 1 cl Pfirsichlik\u00f6r 3 cl Verjus 10 cl Sauvignon Blanc 4 cl Mineralwasser sprudelnd Die &hellip;<\/p>\n","protected":false},"featured_media":14318,"comment_status":"closed","ping_status":"closed","template":"","meta":[],"product_brand":[],"product_cat":[242],"product_tag":[],"product_taxonomy":[],"class_list":{"0":"post-14312","1":"product","2":"type-product","3":"status-publish","4":"has-post-thumbnail","6":"product_cat-set","8":"first","9":"instock","10":"sale","11":"shipping-taxable","12":"purchasable","13":"product-type-variable"},"yoast_head":"<!-- This site is optimized with the Yoast SEO plugin v27.5 - https:\/\/yoast.com\/product\/yoast-seo-wordpress\/ -->\n<title>Set Cocktails - Cave l&#039;orpailleur, Fr\u00e9d\u00e9ric Dumoulin, Encaveur<\/title>\n<meta name=\"robots\" content=\"index, follow, max-snippet:-1, max-image-preview:large, max-video-preview:-1\" \/>\n<link rel=\"canonical\" href=\"https:\/\/www.orpailleur.ch\/de\/produkt\/set-cocktails\/\" \/>\n<meta property=\"og:locale\" content=\"de_DE\" \/>\n<meta property=\"og:type\" content=\"article\" \/>\n<meta property=\"og:title\" content=\"Set Cocktails - Cave l&#039;orpailleur, Fr\u00e9d\u00e9ric Dumoulin, Encaveur\" \/>\n<meta property=\"og:description\" content=\"1 Flasche Verjus 1 Flasche Sauvignon Blanc Tradition Wie immer: \u00a0die St\u00fcckzahl ist limitiert, rasch zugreifen lohnt sich, \u00fcberraschen Sie Ihre G\u00e4ste mit diesen aussergew\u00f6hnlichen Kreationen Unsere Rezeptvorschl\u00e4ge PECHOMATIC *F\u00fcr ein Cocktail- oder Weinglas von 2 dl 3 cl Cointreau 1 cl Pfirsichlik\u00f6r 3 cl Verjus 10 cl Sauvignon Blanc 4 cl Mineralwasser sprudelnd Die &hellip;\" \/>\n<meta property=\"og:url\" content=\"https:\/\/www.orpailleur.ch\/de\/produkt\/set-cocktails\/\" \/>\n<meta property=\"og:site_name\" content=\"Cave l&#039;orpailleur, Fr\u00e9d\u00e9ric Dumoulin, Encaveur\" \/>\n<meta property=\"article:publisher\" content=\"https:\/\/www.facebook.com\/cave.lorpailleur\/\" \/>\n<meta property=\"article:modified_time\" content=\"2025-06-30T23:00:02+00:00\" \/>\n<meta property=\"og:image\" content=\"http:\/\/www.orpailleur.ch\/wp-content\/uploads\/2025\/06\/P1010952-scaled.jpg\" \/>\n\t<meta property=\"og:image:width\" content=\"1707\" \/>\n\t<meta property=\"og:image:height\" content=\"2560\" \/>\n\t<meta property=\"og:image:type\" content=\"image\/jpeg\" \/>\n<meta name=\"twitter:card\" content=\"summary_large_image\" \/>\n<meta name=\"twitter:label1\" content=\"Gesch\u00e4tzte Lesezeit\" \/>\n\t<meta name=\"twitter:data1\" content=\"2\u00a0Minuten\" \/>\n<script type=\"application\/ld+json\" class=\"yoast-schema-graph\">{\"@context\":\"https:\\\/\\\/schema.org\",\"@graph\":[{\"@type\":\"WebPage\",\"@id\":\"https:\\\/\\\/www.orpailleur.ch\\\/de\\\/produkt\\\/set-cocktails\\\/\",\"url\":\"https:\\\/\\\/www.orpailleur.ch\\\/de\\\/produkt\\\/set-cocktails\\\/\",\"name\":\"Set Cocktails - Cave l&#039;orpailleur, Fr\u00e9d\u00e9ric Dumoulin, Encaveur\",\"isPartOf\":{\"@id\":\"https:\\\/\\\/www.orpailleur.ch\\\/de\\\/#website\"},\"primaryImageOfPage\":{\"@id\":\"https:\\\/\\\/www.orpailleur.ch\\\/de\\\/produkt\\\/set-cocktails\\\/#primaryimage\"},\"image\":{\"@id\":\"https:\\\/\\\/www.orpailleur.ch\\\/de\\\/produkt\\\/set-cocktails\\\/#primaryimage\"},\"thumbnailUrl\":\"https:\\\/\\\/www.orpailleur.ch\\\/wp-content\\\/uploads\\\/2025\\\/06\\\/P1010952-scaled.jpg\",\"datePublished\":\"2025-06-12T06:51:02+00:00\",\"dateModified\":\"2025-06-30T23:00:02+00:00\",\"breadcrumb\":{\"@id\":\"https:\\\/\\\/www.orpailleur.ch\\\/de\\\/produkt\\\/set-cocktails\\\/#breadcrumb\"},\"inLanguage\":\"de\",\"potentialAction\":[{\"@type\":\"ReadAction\",\"target\":[\"https:\\\/\\\/www.orpailleur.ch\\\/de\\\/produkt\\\/set-cocktails\\\/\"]}]},{\"@type\":\"ImageObject\",\"inLanguage\":\"de\",\"@id\":\"https:\\\/\\\/www.orpailleur.ch\\\/de\\\/produkt\\\/set-cocktails\\\/#primaryimage\",\"url\":\"https:\\\/\\\/www.orpailleur.ch\\\/wp-content\\\/uploads\\\/2025\\\/06\\\/P1010952-scaled.jpg\",\"contentUrl\":\"https:\\\/\\\/www.orpailleur.ch\\\/wp-content\\\/uploads\\\/2025\\\/06\\\/P1010952-scaled.jpg\",\"width\":1707,\"height\":2560},{\"@type\":\"BreadcrumbList\",\"@id\":\"https:\\\/\\\/www.orpailleur.ch\\\/de\\\/produkt\\\/set-cocktails\\\/#breadcrumb\",\"itemListElement\":[{\"@type\":\"ListItem\",\"position\":1,\"name\":\"Accueil\",\"item\":\"https:\\\/\\\/www.orpailleur.ch\\\/de\\\/\"},{\"@type\":\"ListItem\",\"position\":2,\"name\":\"Shop\",\"item\":\"https:\\\/\\\/www.orpailleur.ch\\\/de\\\/shop-2\\\/\"},{\"@type\":\"ListItem\",\"position\":3,\"name\":\"Set Cocktails\"}]},{\"@type\":\"WebSite\",\"@id\":\"https:\\\/\\\/www.orpailleur.ch\\\/de\\\/#website\",\"url\":\"https:\\\/\\\/www.orpailleur.ch\\\/de\\\/\",\"name\":\"Cave l&#039;orpailleur, Fr\u00e9d\u00e9ric Dumoulin, Encaveur\",\"description\":\"L&#039;or de la terre\",\"publisher\":{\"@id\":\"https:\\\/\\\/www.orpailleur.ch\\\/de\\\/#organization\"},\"potentialAction\":[{\"@type\":\"SearchAction\",\"target\":{\"@type\":\"EntryPoint\",\"urlTemplate\":\"https:\\\/\\\/www.orpailleur.ch\\\/de\\\/?s={search_term_string}\"},\"query-input\":{\"@type\":\"PropertyValueSpecification\",\"valueRequired\":true,\"valueName\":\"search_term_string\"}}],\"inLanguage\":\"de\"},{\"@type\":\"Organization\",\"@id\":\"https:\\\/\\\/www.orpailleur.ch\\\/de\\\/#organization\",\"name\":\"Cave l'orpailleur, Fr\u00e9d\u00e9ric Dumoulin, Encaveur\",\"url\":\"https:\\\/\\\/www.orpailleur.ch\\\/de\\\/\",\"logo\":{\"@type\":\"ImageObject\",\"inLanguage\":\"de\",\"@id\":\"https:\\\/\\\/www.orpailleur.ch\\\/de\\\/#\\\/schema\\\/logo\\\/image\\\/\",\"url\":\"https:\\\/\\\/www.orpailleur.ch\\\/wp-content\\\/uploads\\\/2020\\\/06\\\/LOrpailleur_Logo_Quadri-copy.png\",\"contentUrl\":\"https:\\\/\\\/www.orpailleur.ch\\\/wp-content\\\/uploads\\\/2020\\\/06\\\/LOrpailleur_Logo_Quadri-copy.png\",\"width\":300,\"height\":134,\"caption\":\"Cave l'orpailleur, Fr\u00e9d\u00e9ric Dumoulin, Encaveur\"},\"image\":{\"@id\":\"https:\\\/\\\/www.orpailleur.ch\\\/de\\\/#\\\/schema\\\/logo\\\/image\\\/\"},\"sameAs\":[\"https:\\\/\\\/www.facebook.com\\\/cave.lorpailleur\\\/\",\"https:\\\/\\\/www.instagram.com\\\/cave_lorpailleur\\\/\"]}]}<\/script>\n<!-- \/ Yoast SEO plugin. -->","yoast_head_json":{"title":"Set Cocktails - Cave l&#039;orpailleur, Fr\u00e9d\u00e9ric Dumoulin, Encaveur","robots":{"index":"index","follow":"follow","max-snippet":"max-snippet:-1","max-image-preview":"max-image-preview:large","max-video-preview":"max-video-preview:-1"},"canonical":"https:\/\/www.orpailleur.ch\/de\/produkt\/set-cocktails\/","og_locale":"de_DE","og_type":"article","og_title":"Set Cocktails - Cave l&#039;orpailleur, Fr\u00e9d\u00e9ric Dumoulin, Encaveur","og_description":"1 Flasche Verjus 1 Flasche Sauvignon Blanc Tradition Wie immer: \u00a0die St\u00fcckzahl ist limitiert, rasch zugreifen lohnt sich, \u00fcberraschen Sie Ihre G\u00e4ste mit diesen aussergew\u00f6hnlichen Kreationen Unsere Rezeptvorschl\u00e4ge PECHOMATIC *F\u00fcr ein Cocktail- oder Weinglas von 2 dl 3 cl Cointreau 1 cl Pfirsichlik\u00f6r 3 cl Verjus 10 cl Sauvignon Blanc 4 cl Mineralwasser sprudelnd Die &hellip;","og_url":"https:\/\/www.orpailleur.ch\/de\/produkt\/set-cocktails\/","og_site_name":"Cave l&#039;orpailleur, Fr\u00e9d\u00e9ric Dumoulin, Encaveur","article_publisher":"https:\/\/www.facebook.com\/cave.lorpailleur\/","article_modified_time":"2025-06-30T23:00:02+00:00","og_image":[{"width":1707,"height":2560,"url":"http:\/\/www.orpailleur.ch\/wp-content\/uploads\/2025\/06\/P1010952-scaled.jpg","type":"image\/jpeg"}],"twitter_card":"summary_large_image","twitter_misc":{"Gesch\u00e4tzte Lesezeit":"2\u00a0Minuten"},"schema":{"@context":"https:\/\/schema.org","@graph":[{"@type":"WebPage","@id":"https:\/\/www.orpailleur.ch\/de\/produkt\/set-cocktails\/","url":"https:\/\/www.orpailleur.ch\/de\/produkt\/set-cocktails\/","name":"Set Cocktails - Cave l&#039;orpailleur, Fr\u00e9d\u00e9ric Dumoulin, Encaveur","isPartOf":{"@id":"https:\/\/www.orpailleur.ch\/de\/#website"},"primaryImageOfPage":{"@id":"https:\/\/www.orpailleur.ch\/de\/produkt\/set-cocktails\/#primaryimage"},"image":{"@id":"https:\/\/www.orpailleur.ch\/de\/produkt\/set-cocktails\/#primaryimage"},"thumbnailUrl":"https:\/\/www.orpailleur.ch\/wp-content\/uploads\/2025\/06\/P1010952-scaled.jpg","datePublished":"2025-06-12T06:51:02+00:00","dateModified":"2025-06-30T23:00:02+00:00","breadcrumb":{"@id":"https:\/\/www.orpailleur.ch\/de\/produkt\/set-cocktails\/#breadcrumb"},"inLanguage":"de","potentialAction":[{"@type":"ReadAction","target":["https:\/\/www.orpailleur.ch\/de\/produkt\/set-cocktails\/"]}]},{"@type":"ImageObject","inLanguage":"de","@id":"https:\/\/www.orpailleur.ch\/de\/produkt\/set-cocktails\/#primaryimage","url":"https:\/\/www.orpailleur.ch\/wp-content\/uploads\/2025\/06\/P1010952-scaled.jpg","contentUrl":"https:\/\/www.orpailleur.ch\/wp-content\/uploads\/2025\/06\/P1010952-scaled.jpg","width":1707,"height":2560},{"@type":"BreadcrumbList","@id":"https:\/\/www.orpailleur.ch\/de\/produkt\/set-cocktails\/#breadcrumb","itemListElement":[{"@type":"ListItem","position":1,"name":"Accueil","item":"https:\/\/www.orpailleur.ch\/de\/"},{"@type":"ListItem","position":2,"name":"Shop","item":"https:\/\/www.orpailleur.ch\/de\/shop-2\/"},{"@type":"ListItem","position":3,"name":"Set Cocktails"}]},{"@type":"WebSite","@id":"https:\/\/www.orpailleur.ch\/de\/#website","url":"https:\/\/www.orpailleur.ch\/de\/","name":"Cave l&#039;orpailleur, Fr\u00e9d\u00e9ric Dumoulin, Encaveur","description":"L&#039;or de la terre","publisher":{"@id":"https:\/\/www.orpailleur.ch\/de\/#organization"},"potentialAction":[{"@type":"SearchAction","target":{"@type":"EntryPoint","urlTemplate":"https:\/\/www.orpailleur.ch\/de\/?s={search_term_string}"},"query-input":{"@type":"PropertyValueSpecification","valueRequired":true,"valueName":"search_term_string"}}],"inLanguage":"de"},{"@type":"Organization","@id":"https:\/\/www.orpailleur.ch\/de\/#organization","name":"Cave l'orpailleur, Fr\u00e9d\u00e9ric Dumoulin, Encaveur","url":"https:\/\/www.orpailleur.ch\/de\/","logo":{"@type":"ImageObject","inLanguage":"de","@id":"https:\/\/www.orpailleur.ch\/de\/#\/schema\/logo\/image\/","url":"https:\/\/www.orpailleur.ch\/wp-content\/uploads\/2020\/06\/LOrpailleur_Logo_Quadri-copy.png","contentUrl":"https:\/\/www.orpailleur.ch\/wp-content\/uploads\/2020\/06\/LOrpailleur_Logo_Quadri-copy.png","width":300,"height":134,"caption":"Cave l'orpailleur, Fr\u00e9d\u00e9ric Dumoulin, Encaveur"},"image":{"@id":"https:\/\/www.orpailleur.ch\/de\/#\/schema\/logo\/image\/"},"sameAs":["https:\/\/www.facebook.com\/cave.lorpailleur\/","https:\/\/www.instagram.com\/cave_lorpailleur\/"]}]}},"_links":{"self":[{"href":"https:\/\/www.orpailleur.ch\/de\/wp-json\/wp\/v2\/product\/14312","targetHints":{"allow":["GET"]}}],"collection":[{"href":"https:\/\/www.orpailleur.ch\/de\/wp-json\/wp\/v2\/product"}],"about":[{"href":"https:\/\/www.orpailleur.ch\/de\/wp-json\/wp\/v2\/types\/product"}],"replies":[{"embeddable":true,"href":"https:\/\/www.orpailleur.ch\/de\/wp-json\/wp\/v2\/comments?post=14312"}],"wp:featuredmedia":[{"embeddable":true,"href":"https:\/\/www.orpailleur.ch\/de\/wp-json\/wp\/v2\/media\/14318"}],"wp:attachment":[{"href":"https:\/\/www.orpailleur.ch\/de\/wp-json\/wp\/v2\/media?parent=14312"}],"wp:term":[{"taxonomy":"product_brand","embeddable":true,"href":"https:\/\/www.orpailleur.ch\/de\/wp-json\/wp\/v2\/product_brand?post=14312"},{"taxonomy":"product_cat","embeddable":true,"href":"https:\/\/www.orpailleur.ch\/de\/wp-json\/wp\/v2\/product_cat?post=14312"},{"taxonomy":"product_tag","embeddable":true,"href":"https:\/\/www.orpailleur.ch\/de\/wp-json\/wp\/v2\/product_tag?post=14312"},{"taxonomy":"product_taxonomy","embeddable":true,"href":"https:\/\/www.orpailleur.ch\/de\/wp-json\/wp\/v2\/product_taxonomy?post=14312"}],"curies":[{"name":"wp","href":"https:\/\/api.w.org\/{rel}","templated":true}]}}