{"id":14283,"date":"2020-06-12T09:33:47","date_gmt":"2020-06-12T09:33:47","guid":{"rendered":"https:\/\/www.orpailleur.ch\/product\/petite-arvine-tradition\/"},"modified":"2025-05-21T08:59:17","modified_gmt":"2025-05-21T06:59:17","slug":"petite-arvine-tradition","status":"publish","type":"product","link":"https:\/\/www.orpailleur.ch\/de\/produkt\/petite-arvine-tradition\/","title":{"rendered":"Petite Arvine Tradition"},"content":{"rendered":"<p>Dieser Wein, der aus einer autochthonen Rebsorte hergestellt wird, weist eine sch\u00f6ne Ausgewogenheit auf, die Kraft und Frische vereint. Seine Typizit\u00e4t dr\u00fcckt sich in komplexen Aromen von Zitrusfr\u00fcchten und einem leicht salzigen Abgang aus.<\/p>\n","protected":false},"excerpt":{"rendered":"<p>Dieser Wein, der aus einer autochthonen Rebsorte hergestellt wird, weist eine sch\u00f6ne Ausgewogenheit auf, die Kraft und Frische vereint. Seine Typizit\u00e4t dr\u00fcckt sich in komplexen Aromen von Zitrusfr\u00fcchten und einem leicht salzigen Abgang aus.<\/p>\n","protected":false},"featured_media":3589,"comment_status":"closed","ping_status":"closed","template":"","meta":[],"product_brand":[],"product_cat":[228],"product_tag":[163,183,172,174,173,187],"product_taxonomy":[],"class_list":{"0":"post-14283","1":"product","2":"type-product","3":"status-publish","4":"has-post-thumbnail","6":"product_cat-tradition-de","7":"product_tag-aperitif-de","8":"product_tag-fisch","9":"product_tag-frisch","10":"product_tag-fruchtig","11":"product_tag-kase","12":"product_tag-trocken","14":"first","15":"instock","16":"sale","17":"shipping-taxable","18":"purchasable","19":"product-type-variable","20":"has-default-attributes"},"yoast_head":"<!-- This site is optimized with the Yoast SEO plugin v27.3 - https:\/\/yoast.com\/product\/yoast-seo-wordpress\/ -->\n<title>Petite Arvine Tradition - Cave l&#039;orpailleur, Fr\u00e9d\u00e9ric Dumoulin, Encaveur<\/title>\n<meta name=\"robots\" content=\"index, follow, max-snippet:-1, max-image-preview:large, max-video-preview:-1\" \/>\n<link rel=\"canonical\" href=\"https:\/\/www.orpailleur.ch\/de\/produkt\/petite-arvine-tradition\/\" \/>\n<meta property=\"og:locale\" content=\"de_DE\" \/>\n<meta property=\"og:type\" content=\"article\" \/>\n<meta property=\"og:title\" content=\"Petite Arvine Tradition - Cave l&#039;orpailleur, Fr\u00e9d\u00e9ric Dumoulin, Encaveur\" \/>\n<meta property=\"og:description\" content=\"Dieser Wein, der aus einer autochthonen Rebsorte hergestellt wird, weist eine sch\u00f6ne Ausgewogenheit auf, die Kraft und Frische vereint. Seine Typizit\u00e4t dr\u00fcckt sich in komplexen Aromen von Zitrusfr\u00fcchten und einem leicht salzigen Abgang aus.\" \/>\n<meta property=\"og:url\" content=\"https:\/\/www.orpailleur.ch\/de\/produkt\/petite-arvine-tradition\/\" \/>\n<meta property=\"og:site_name\" content=\"Cave l&#039;orpailleur, Fr\u00e9d\u00e9ric Dumoulin, Encaveur\" \/>\n<meta property=\"article:publisher\" content=\"https:\/\/www.facebook.com\/cave.lorpailleur\/\" \/>\n<meta property=\"article:modified_time\" content=\"2025-05-21T06:59:17+00:00\" \/>\n<meta property=\"og:image\" content=\"http:\/\/www.orpailleur.ch\/wp-content\/uploads\/2020\/06\/Tradition-Petite-Arvine.png\" \/>\n\t<meta property=\"og:image:width\" content=\"288\" \/>\n\t<meta property=\"og:image:height\" content=\"1188\" \/>\n\t<meta property=\"og:image:type\" content=\"image\/png\" \/>\n<meta name=\"twitter:card\" content=\"summary_large_image\" \/>\n<meta name=\"twitter:label1\" content=\"Gesch\u00e4tzte Lesezeit\" \/>\n\t<meta name=\"twitter:data1\" content=\"1\u00a0Minute\" \/>\n<script type=\"application\/ld+json\" class=\"yoast-schema-graph\">{\"@context\":\"https:\\\/\\\/schema.org\",\"@graph\":[{\"@type\":\"WebPage\",\"@id\":\"https:\\\/\\\/www.orpailleur.ch\\\/de\\\/produkt\\\/petite-arvine-tradition\\\/\",\"url\":\"https:\\\/\\\/www.orpailleur.ch\\\/de\\\/produkt\\\/petite-arvine-tradition\\\/\",\"name\":\"Petite Arvine Tradition - Cave l&#039;orpailleur, Fr\u00e9d\u00e9ric Dumoulin, Encaveur\",\"isPartOf\":{\"@id\":\"http:\\\/\\\/www.orpailleur.ch\\\/de\\\/#website\"},\"primaryImageOfPage\":{\"@id\":\"https:\\\/\\\/www.orpailleur.ch\\\/de\\\/produkt\\\/petite-arvine-tradition\\\/#primaryimage\"},\"image\":{\"@id\":\"https:\\\/\\\/www.orpailleur.ch\\\/de\\\/produkt\\\/petite-arvine-tradition\\\/#primaryimage\"},\"thumbnailUrl\":\"https:\\\/\\\/www.orpailleur.ch\\\/wp-content\\\/uploads\\\/2020\\\/06\\\/Tradition-Petite-Arvine.png\",\"datePublished\":\"2020-06-12T09:33:47+00:00\",\"dateModified\":\"2025-05-21T06:59:17+00:00\",\"breadcrumb\":{\"@id\":\"https:\\\/\\\/www.orpailleur.ch\\\/de\\\/produkt\\\/petite-arvine-tradition\\\/#breadcrumb\"},\"inLanguage\":\"de\",\"potentialAction\":[{\"@type\":\"ReadAction\",\"target\":[\"https:\\\/\\\/www.orpailleur.ch\\\/de\\\/produkt\\\/petite-arvine-tradition\\\/\"]}]},{\"@type\":\"ImageObject\",\"inLanguage\":\"de\",\"@id\":\"https:\\\/\\\/www.orpailleur.ch\\\/de\\\/produkt\\\/petite-arvine-tradition\\\/#primaryimage\",\"url\":\"https:\\\/\\\/www.orpailleur.ch\\\/wp-content\\\/uploads\\\/2020\\\/06\\\/Tradition-Petite-Arvine.png\",\"contentUrl\":\"https:\\\/\\\/www.orpailleur.ch\\\/wp-content\\\/uploads\\\/2020\\\/06\\\/Tradition-Petite-Arvine.png\",\"width\":288,\"height\":1188},{\"@type\":\"BreadcrumbList\",\"@id\":\"https:\\\/\\\/www.orpailleur.ch\\\/de\\\/produkt\\\/petite-arvine-tradition\\\/#breadcrumb\",\"itemListElement\":[{\"@type\":\"ListItem\",\"position\":1,\"name\":\"Accueil\",\"item\":\"https:\\\/\\\/www.orpailleur.ch\\\/de\\\/\"},{\"@type\":\"ListItem\",\"position\":2,\"name\":\"Shop\",\"item\":\"https:\\\/\\\/www.orpailleur.ch\\\/de\\\/shop-2\\\/\"},{\"@type\":\"ListItem\",\"position\":3,\"name\":\"Petite Arvine Tradition\"}]},{\"@type\":\"WebSite\",\"@id\":\"http:\\\/\\\/www.orpailleur.ch\\\/de\\\/#website\",\"url\":\"http:\\\/\\\/www.orpailleur.ch\\\/de\\\/\",\"name\":\"Cave l&#039;orpailleur, Fr\u00e9d\u00e9ric Dumoulin, Encaveur\",\"description\":\"L&#039;or de la terre\",\"publisher\":{\"@id\":\"http:\\\/\\\/www.orpailleur.ch\\\/de\\\/#organization\"},\"potentialAction\":[{\"@type\":\"SearchAction\",\"target\":{\"@type\":\"EntryPoint\",\"urlTemplate\":\"http:\\\/\\\/www.orpailleur.ch\\\/de\\\/?s={search_term_string}\"},\"query-input\":{\"@type\":\"PropertyValueSpecification\",\"valueRequired\":true,\"valueName\":\"search_term_string\"}}],\"inLanguage\":\"de\"},{\"@type\":\"Organization\",\"@id\":\"http:\\\/\\\/www.orpailleur.ch\\\/de\\\/#organization\",\"name\":\"Cave l'orpailleur, Fr\u00e9d\u00e9ric Dumoulin, Encaveur\",\"url\":\"http:\\\/\\\/www.orpailleur.ch\\\/de\\\/\",\"logo\":{\"@type\":\"ImageObject\",\"inLanguage\":\"de\",\"@id\":\"http:\\\/\\\/www.orpailleur.ch\\\/de\\\/#\\\/schema\\\/logo\\\/image\\\/\",\"url\":\"https:\\\/\\\/www.orpailleur.ch\\\/wp-content\\\/uploads\\\/2020\\\/06\\\/LOrpailleur_Logo_Quadri-copy.png\",\"contentUrl\":\"https:\\\/\\\/www.orpailleur.ch\\\/wp-content\\\/uploads\\\/2020\\\/06\\\/LOrpailleur_Logo_Quadri-copy.png\",\"width\":300,\"height\":134,\"caption\":\"Cave l'orpailleur, Fr\u00e9d\u00e9ric Dumoulin, Encaveur\"},\"image\":{\"@id\":\"http:\\\/\\\/www.orpailleur.ch\\\/de\\\/#\\\/schema\\\/logo\\\/image\\\/\"},\"sameAs\":[\"https:\\\/\\\/www.facebook.com\\\/cave.lorpailleur\\\/\",\"https:\\\/\\\/www.instagram.com\\\/cave_lorpailleur\\\/\"]}]}<\/script>\n<!-- \/ Yoast SEO plugin. -->","yoast_head_json":{"title":"Petite Arvine Tradition - Cave l&#039;orpailleur, Fr\u00e9d\u00e9ric Dumoulin, Encaveur","robots":{"index":"index","follow":"follow","max-snippet":"max-snippet:-1","max-image-preview":"max-image-preview:large","max-video-preview":"max-video-preview:-1"},"canonical":"https:\/\/www.orpailleur.ch\/de\/produkt\/petite-arvine-tradition\/","og_locale":"de_DE","og_type":"article","og_title":"Petite Arvine Tradition - Cave l&#039;orpailleur, Fr\u00e9d\u00e9ric Dumoulin, Encaveur","og_description":"Dieser Wein, der aus einer autochthonen Rebsorte hergestellt wird, weist eine sch\u00f6ne Ausgewogenheit auf, die Kraft und Frische vereint. Seine Typizit\u00e4t dr\u00fcckt sich in komplexen Aromen von Zitrusfr\u00fcchten und einem leicht salzigen Abgang aus.","og_url":"https:\/\/www.orpailleur.ch\/de\/produkt\/petite-arvine-tradition\/","og_site_name":"Cave l&#039;orpailleur, Fr\u00e9d\u00e9ric Dumoulin, Encaveur","article_publisher":"https:\/\/www.facebook.com\/cave.lorpailleur\/","article_modified_time":"2025-05-21T06:59:17+00:00","og_image":[{"width":288,"height":1188,"url":"http:\/\/www.orpailleur.ch\/wp-content\/uploads\/2020\/06\/Tradition-Petite-Arvine.png","type":"image\/png"}],"twitter_card":"summary_large_image","twitter_misc":{"Gesch\u00e4tzte Lesezeit":"1\u00a0Minute"},"schema":{"@context":"https:\/\/schema.org","@graph":[{"@type":"WebPage","@id":"https:\/\/www.orpailleur.ch\/de\/produkt\/petite-arvine-tradition\/","url":"https:\/\/www.orpailleur.ch\/de\/produkt\/petite-arvine-tradition\/","name":"Petite Arvine Tradition - Cave l&#039;orpailleur, Fr\u00e9d\u00e9ric Dumoulin, Encaveur","isPartOf":{"@id":"http:\/\/www.orpailleur.ch\/de\/#website"},"primaryImageOfPage":{"@id":"https:\/\/www.orpailleur.ch\/de\/produkt\/petite-arvine-tradition\/#primaryimage"},"image":{"@id":"https:\/\/www.orpailleur.ch\/de\/produkt\/petite-arvine-tradition\/#primaryimage"},"thumbnailUrl":"https:\/\/www.orpailleur.ch\/wp-content\/uploads\/2020\/06\/Tradition-Petite-Arvine.png","datePublished":"2020-06-12T09:33:47+00:00","dateModified":"2025-05-21T06:59:17+00:00","breadcrumb":{"@id":"https:\/\/www.orpailleur.ch\/de\/produkt\/petite-arvine-tradition\/#breadcrumb"},"inLanguage":"de","potentialAction":[{"@type":"ReadAction","target":["https:\/\/www.orpailleur.ch\/de\/produkt\/petite-arvine-tradition\/"]}]},{"@type":"ImageObject","inLanguage":"de","@id":"https:\/\/www.orpailleur.ch\/de\/produkt\/petite-arvine-tradition\/#primaryimage","url":"https:\/\/www.orpailleur.ch\/wp-content\/uploads\/2020\/06\/Tradition-Petite-Arvine.png","contentUrl":"https:\/\/www.orpailleur.ch\/wp-content\/uploads\/2020\/06\/Tradition-Petite-Arvine.png","width":288,"height":1188},{"@type":"BreadcrumbList","@id":"https:\/\/www.orpailleur.ch\/de\/produkt\/petite-arvine-tradition\/#breadcrumb","itemListElement":[{"@type":"ListItem","position":1,"name":"Accueil","item":"https:\/\/www.orpailleur.ch\/de\/"},{"@type":"ListItem","position":2,"name":"Shop","item":"https:\/\/www.orpailleur.ch\/de\/shop-2\/"},{"@type":"ListItem","position":3,"name":"Petite Arvine Tradition"}]},{"@type":"WebSite","@id":"http:\/\/www.orpailleur.ch\/de\/#website","url":"http:\/\/www.orpailleur.ch\/de\/","name":"Cave l&#039;orpailleur, Fr\u00e9d\u00e9ric Dumoulin, Encaveur","description":"L&#039;or de la terre","publisher":{"@id":"http:\/\/www.orpailleur.ch\/de\/#organization"},"potentialAction":[{"@type":"SearchAction","target":{"@type":"EntryPoint","urlTemplate":"http:\/\/www.orpailleur.ch\/de\/?s={search_term_string}"},"query-input":{"@type":"PropertyValueSpecification","valueRequired":true,"valueName":"search_term_string"}}],"inLanguage":"de"},{"@type":"Organization","@id":"http:\/\/www.orpailleur.ch\/de\/#organization","name":"Cave l'orpailleur, Fr\u00e9d\u00e9ric Dumoulin, Encaveur","url":"http:\/\/www.orpailleur.ch\/de\/","logo":{"@type":"ImageObject","inLanguage":"de","@id":"http:\/\/www.orpailleur.ch\/de\/#\/schema\/logo\/image\/","url":"https:\/\/www.orpailleur.ch\/wp-content\/uploads\/2020\/06\/LOrpailleur_Logo_Quadri-copy.png","contentUrl":"https:\/\/www.orpailleur.ch\/wp-content\/uploads\/2020\/06\/LOrpailleur_Logo_Quadri-copy.png","width":300,"height":134,"caption":"Cave l'orpailleur, Fr\u00e9d\u00e9ric Dumoulin, Encaveur"},"image":{"@id":"http:\/\/www.orpailleur.ch\/de\/#\/schema\/logo\/image\/"},"sameAs":["https:\/\/www.facebook.com\/cave.lorpailleur\/","https:\/\/www.instagram.com\/cave_lorpailleur\/"]}]}},"_links":{"self":[{"href":"https:\/\/www.orpailleur.ch\/de\/wp-json\/wp\/v2\/product\/14283","targetHints":{"allow":["GET"]}}],"collection":[{"href":"https:\/\/www.orpailleur.ch\/de\/wp-json\/wp\/v2\/product"}],"about":[{"href":"https:\/\/www.orpailleur.ch\/de\/wp-json\/wp\/v2\/types\/product"}],"replies":[{"embeddable":true,"href":"https:\/\/www.orpailleur.ch\/de\/wp-json\/wp\/v2\/comments?post=14283"}],"wp:featuredmedia":[{"embeddable":true,"href":"https:\/\/www.orpailleur.ch\/de\/wp-json\/wp\/v2\/media\/3589"}],"wp:attachment":[{"href":"https:\/\/www.orpailleur.ch\/de\/wp-json\/wp\/v2\/media?parent=14283"}],"wp:term":[{"taxonomy":"product_brand","embeddable":true,"href":"https:\/\/www.orpailleur.ch\/de\/wp-json\/wp\/v2\/product_brand?post=14283"},{"taxonomy":"product_cat","embeddable":true,"href":"https:\/\/www.orpailleur.ch\/de\/wp-json\/wp\/v2\/product_cat?post=14283"},{"taxonomy":"product_tag","embeddable":true,"href":"https:\/\/www.orpailleur.ch\/de\/wp-json\/wp\/v2\/product_tag?post=14283"},{"taxonomy":"product_taxonomy","embeddable":true,"href":"https:\/\/www.orpailleur.ch\/de\/wp-json\/wp\/v2\/product_taxonomy?post=14283"}],"curies":[{"name":"wp","href":"https:\/\/api.w.org\/{rel}","templated":true}]}}