{"id":14278,"date":"2020-05-25T08:39:45","date_gmt":"2020-05-25T08:39:45","guid":{"rendered":"https:\/\/www.orpailleur.ch\/product\/fendant-tradition\/"},"modified":"2026-04-02T08:16:06","modified_gmt":"2026-04-02T06:16:06","slug":"fendant-tradition","status":"publish","type":"product","link":"https:\/\/www.orpailleur.ch\/de\/produkt\/fendant-tradition\/","title":{"rendered":"Fendant Tradition"},"content":{"rendered":"<p>Dieser emblematische Wei\u00dfwein aus dem Wallis ist lebhaft und s\u00fcffig. Seine fruchtigen und blumigen Akzente, seine Leichtigkeit und sein erfrischender Abgang mit leichter Perlage pr\u00e4destinieren ihn f\u00fcr einen Aperitif, aber er eignet sich auch hervorragend f\u00fcr alle anderen Gelegenheiten.<\/p>\n","protected":false},"excerpt":{"rendered":"<p>Dieser emblematische Wei\u00dfwein aus dem Wallis ist lebhaft und s\u00fcffig. Seine fruchtigen und blumigen Akzente, seine Leichtigkeit und sein erfrischender Abgang mit leichter Perlage pr\u00e4destinieren ihn f\u00fcr einen Aperitif, aber er eignet sich auch hervorragend f\u00fcr alle anderen Gelegenheiten.<\/p>\n","protected":false},"featured_media":3591,"comment_status":"closed","ping_status":"closed","template":"","meta":[],"product_brand":[],"product_cat":[228],"product_tag":[163,172,173,187],"product_taxonomy":[],"class_list":{"0":"post-14278","1":"product","2":"type-product","3":"status-publish","4":"has-post-thumbnail","6":"product_cat-tradition-de","7":"product_tag-aperitif-de","8":"product_tag-frisch","9":"product_tag-kase","10":"product_tag-trocken","12":"first","13":"instock","14":"sale","15":"shipping-taxable","16":"purchasable","17":"product-type-variable"},"yoast_head":"<!-- This site is optimized with the Yoast SEO plugin v27.3 - https:\/\/yoast.com\/product\/yoast-seo-wordpress\/ -->\n<title>Fendant Tradition - Cave l&#039;orpailleur, Fr\u00e9d\u00e9ric Dumoulin, Encaveur<\/title>\n<meta name=\"robots\" content=\"index, follow, max-snippet:-1, max-image-preview:large, max-video-preview:-1\" \/>\n<link rel=\"canonical\" href=\"https:\/\/www.orpailleur.ch\/de\/produkt\/fendant-tradition\/\" \/>\n<meta property=\"og:locale\" content=\"de_DE\" \/>\n<meta property=\"og:type\" content=\"article\" \/>\n<meta property=\"og:title\" content=\"Fendant Tradition - Cave l&#039;orpailleur, Fr\u00e9d\u00e9ric Dumoulin, Encaveur\" \/>\n<meta property=\"og:description\" content=\"Dieser emblematische Wei\u00dfwein aus dem Wallis ist lebhaft und s\u00fcffig. Seine fruchtigen und blumigen Akzente, seine Leichtigkeit und sein erfrischender Abgang mit leichter Perlage pr\u00e4destinieren ihn f\u00fcr einen Aperitif, aber er eignet sich auch hervorragend f\u00fcr alle anderen Gelegenheiten.\" \/>\n<meta property=\"og:url\" content=\"https:\/\/www.orpailleur.ch\/de\/produkt\/fendant-tradition\/\" \/>\n<meta property=\"og:site_name\" content=\"Cave l&#039;orpailleur, Fr\u00e9d\u00e9ric Dumoulin, Encaveur\" \/>\n<meta property=\"article:publisher\" content=\"https:\/\/www.facebook.com\/cave.lorpailleur\/\" \/>\n<meta property=\"article:modified_time\" content=\"2026-04-02T06:16:06+00:00\" \/>\n<meta property=\"og:image\" content=\"https:\/\/www.orpailleur.ch\/wp-content\/uploads\/2020\/05\/Traditions-Fendant.png\" \/>\n\t<meta property=\"og:image:width\" content=\"287\" \/>\n\t<meta property=\"og:image:height\" content=\"1188\" \/>\n\t<meta property=\"og:image:type\" content=\"image\/png\" \/>\n<meta name=\"twitter:card\" content=\"summary_large_image\" \/>\n<meta name=\"twitter:label1\" content=\"Gesch\u00e4tzte Lesezeit\" \/>\n\t<meta name=\"twitter:data1\" content=\"1\u00a0Minute\" \/>\n<script type=\"application\/ld+json\" class=\"yoast-schema-graph\">{\"@context\":\"https:\\\/\\\/schema.org\",\"@graph\":[{\"@type\":\"WebPage\",\"@id\":\"https:\\\/\\\/www.orpailleur.ch\\\/de\\\/produkt\\\/fendant-tradition\\\/\",\"url\":\"https:\\\/\\\/www.orpailleur.ch\\\/de\\\/produkt\\\/fendant-tradition\\\/\",\"name\":\"Fendant Tradition - Cave l&#039;orpailleur, Fr\u00e9d\u00e9ric Dumoulin, Encaveur\",\"isPartOf\":{\"@id\":\"https:\\\/\\\/www.orpailleur.ch\\\/de\\\/#website\"},\"primaryImageOfPage\":{\"@id\":\"https:\\\/\\\/www.orpailleur.ch\\\/de\\\/produkt\\\/fendant-tradition\\\/#primaryimage\"},\"image\":{\"@id\":\"https:\\\/\\\/www.orpailleur.ch\\\/de\\\/produkt\\\/fendant-tradition\\\/#primaryimage\"},\"thumbnailUrl\":\"https:\\\/\\\/www.orpailleur.ch\\\/wp-content\\\/uploads\\\/2020\\\/05\\\/Traditions-Fendant.png\",\"datePublished\":\"2020-05-25T08:39:45+00:00\",\"dateModified\":\"2026-04-02T06:16:06+00:00\",\"breadcrumb\":{\"@id\":\"https:\\\/\\\/www.orpailleur.ch\\\/de\\\/produkt\\\/fendant-tradition\\\/#breadcrumb\"},\"inLanguage\":\"de\",\"potentialAction\":[{\"@type\":\"ReadAction\",\"target\":[\"https:\\\/\\\/www.orpailleur.ch\\\/de\\\/produkt\\\/fendant-tradition\\\/\"]}]},{\"@type\":\"ImageObject\",\"inLanguage\":\"de\",\"@id\":\"https:\\\/\\\/www.orpailleur.ch\\\/de\\\/produkt\\\/fendant-tradition\\\/#primaryimage\",\"url\":\"https:\\\/\\\/www.orpailleur.ch\\\/wp-content\\\/uploads\\\/2020\\\/05\\\/Traditions-Fendant.png\",\"contentUrl\":\"https:\\\/\\\/www.orpailleur.ch\\\/wp-content\\\/uploads\\\/2020\\\/05\\\/Traditions-Fendant.png\",\"width\":287,\"height\":1188},{\"@type\":\"BreadcrumbList\",\"@id\":\"https:\\\/\\\/www.orpailleur.ch\\\/de\\\/produkt\\\/fendant-tradition\\\/#breadcrumb\",\"itemListElement\":[{\"@type\":\"ListItem\",\"position\":1,\"name\":\"Accueil\",\"item\":\"https:\\\/\\\/www.orpailleur.ch\\\/de\\\/\"},{\"@type\":\"ListItem\",\"position\":2,\"name\":\"Shop\",\"item\":\"https:\\\/\\\/www.orpailleur.ch\\\/de\\\/shop-2\\\/\"},{\"@type\":\"ListItem\",\"position\":3,\"name\":\"Fendant Tradition\"}]},{\"@type\":\"WebSite\",\"@id\":\"https:\\\/\\\/www.orpailleur.ch\\\/de\\\/#website\",\"url\":\"https:\\\/\\\/www.orpailleur.ch\\\/de\\\/\",\"name\":\"Cave l&#039;orpailleur, Fr\u00e9d\u00e9ric Dumoulin, Encaveur\",\"description\":\"L&#039;or de la terre\",\"publisher\":{\"@id\":\"https:\\\/\\\/www.orpailleur.ch\\\/de\\\/#organization\"},\"potentialAction\":[{\"@type\":\"SearchAction\",\"target\":{\"@type\":\"EntryPoint\",\"urlTemplate\":\"https:\\\/\\\/www.orpailleur.ch\\\/de\\\/?s={search_term_string}\"},\"query-input\":{\"@type\":\"PropertyValueSpecification\",\"valueRequired\":true,\"valueName\":\"search_term_string\"}}],\"inLanguage\":\"de\"},{\"@type\":\"Organization\",\"@id\":\"https:\\\/\\\/www.orpailleur.ch\\\/de\\\/#organization\",\"name\":\"Cave l'orpailleur, Fr\u00e9d\u00e9ric Dumoulin, Encaveur\",\"url\":\"https:\\\/\\\/www.orpailleur.ch\\\/de\\\/\",\"logo\":{\"@type\":\"ImageObject\",\"inLanguage\":\"de\",\"@id\":\"https:\\\/\\\/www.orpailleur.ch\\\/de\\\/#\\\/schema\\\/logo\\\/image\\\/\",\"url\":\"https:\\\/\\\/www.orpailleur.ch\\\/wp-content\\\/uploads\\\/2020\\\/06\\\/LOrpailleur_Logo_Quadri-copy.png\",\"contentUrl\":\"https:\\\/\\\/www.orpailleur.ch\\\/wp-content\\\/uploads\\\/2020\\\/06\\\/LOrpailleur_Logo_Quadri-copy.png\",\"width\":300,\"height\":134,\"caption\":\"Cave l'orpailleur, Fr\u00e9d\u00e9ric Dumoulin, Encaveur\"},\"image\":{\"@id\":\"https:\\\/\\\/www.orpailleur.ch\\\/de\\\/#\\\/schema\\\/logo\\\/image\\\/\"},\"sameAs\":[\"https:\\\/\\\/www.facebook.com\\\/cave.lorpailleur\\\/\",\"https:\\\/\\\/www.instagram.com\\\/cave_lorpailleur\\\/\"]}]}<\/script>\n<!-- \/ Yoast SEO plugin. -->","yoast_head_json":{"title":"Fendant Tradition - Cave l&#039;orpailleur, Fr\u00e9d\u00e9ric Dumoulin, Encaveur","robots":{"index":"index","follow":"follow","max-snippet":"max-snippet:-1","max-image-preview":"max-image-preview:large","max-video-preview":"max-video-preview:-1"},"canonical":"https:\/\/www.orpailleur.ch\/de\/produkt\/fendant-tradition\/","og_locale":"de_DE","og_type":"article","og_title":"Fendant Tradition - Cave l&#039;orpailleur, Fr\u00e9d\u00e9ric Dumoulin, Encaveur","og_description":"Dieser emblematische Wei\u00dfwein aus dem Wallis ist lebhaft und s\u00fcffig. Seine fruchtigen und blumigen Akzente, seine Leichtigkeit und sein erfrischender Abgang mit leichter Perlage pr\u00e4destinieren ihn f\u00fcr einen Aperitif, aber er eignet sich auch hervorragend f\u00fcr alle anderen Gelegenheiten.","og_url":"https:\/\/www.orpailleur.ch\/de\/produkt\/fendant-tradition\/","og_site_name":"Cave l&#039;orpailleur, Fr\u00e9d\u00e9ric Dumoulin, Encaveur","article_publisher":"https:\/\/www.facebook.com\/cave.lorpailleur\/","article_modified_time":"2026-04-02T06:16:06+00:00","og_image":[{"width":287,"height":1188,"url":"https:\/\/www.orpailleur.ch\/wp-content\/uploads\/2020\/05\/Traditions-Fendant.png","type":"image\/png"}],"twitter_card":"summary_large_image","twitter_misc":{"Gesch\u00e4tzte Lesezeit":"1\u00a0Minute"},"schema":{"@context":"https:\/\/schema.org","@graph":[{"@type":"WebPage","@id":"https:\/\/www.orpailleur.ch\/de\/produkt\/fendant-tradition\/","url":"https:\/\/www.orpailleur.ch\/de\/produkt\/fendant-tradition\/","name":"Fendant Tradition - Cave l&#039;orpailleur, Fr\u00e9d\u00e9ric Dumoulin, Encaveur","isPartOf":{"@id":"https:\/\/www.orpailleur.ch\/de\/#website"},"primaryImageOfPage":{"@id":"https:\/\/www.orpailleur.ch\/de\/produkt\/fendant-tradition\/#primaryimage"},"image":{"@id":"https:\/\/www.orpailleur.ch\/de\/produkt\/fendant-tradition\/#primaryimage"},"thumbnailUrl":"https:\/\/www.orpailleur.ch\/wp-content\/uploads\/2020\/05\/Traditions-Fendant.png","datePublished":"2020-05-25T08:39:45+00:00","dateModified":"2026-04-02T06:16:06+00:00","breadcrumb":{"@id":"https:\/\/www.orpailleur.ch\/de\/produkt\/fendant-tradition\/#breadcrumb"},"inLanguage":"de","potentialAction":[{"@type":"ReadAction","target":["https:\/\/www.orpailleur.ch\/de\/produkt\/fendant-tradition\/"]}]},{"@type":"ImageObject","inLanguage":"de","@id":"https:\/\/www.orpailleur.ch\/de\/produkt\/fendant-tradition\/#primaryimage","url":"https:\/\/www.orpailleur.ch\/wp-content\/uploads\/2020\/05\/Traditions-Fendant.png","contentUrl":"https:\/\/www.orpailleur.ch\/wp-content\/uploads\/2020\/05\/Traditions-Fendant.png","width":287,"height":1188},{"@type":"BreadcrumbList","@id":"https:\/\/www.orpailleur.ch\/de\/produkt\/fendant-tradition\/#breadcrumb","itemListElement":[{"@type":"ListItem","position":1,"name":"Accueil","item":"https:\/\/www.orpailleur.ch\/de\/"},{"@type":"ListItem","position":2,"name":"Shop","item":"https:\/\/www.orpailleur.ch\/de\/shop-2\/"},{"@type":"ListItem","position":3,"name":"Fendant Tradition"}]},{"@type":"WebSite","@id":"https:\/\/www.orpailleur.ch\/de\/#website","url":"https:\/\/www.orpailleur.ch\/de\/","name":"Cave l&#039;orpailleur, Fr\u00e9d\u00e9ric Dumoulin, Encaveur","description":"L&#039;or de la terre","publisher":{"@id":"https:\/\/www.orpailleur.ch\/de\/#organization"},"potentialAction":[{"@type":"SearchAction","target":{"@type":"EntryPoint","urlTemplate":"https:\/\/www.orpailleur.ch\/de\/?s={search_term_string}"},"query-input":{"@type":"PropertyValueSpecification","valueRequired":true,"valueName":"search_term_string"}}],"inLanguage":"de"},{"@type":"Organization","@id":"https:\/\/www.orpailleur.ch\/de\/#organization","name":"Cave l'orpailleur, Fr\u00e9d\u00e9ric Dumoulin, Encaveur","url":"https:\/\/www.orpailleur.ch\/de\/","logo":{"@type":"ImageObject","inLanguage":"de","@id":"https:\/\/www.orpailleur.ch\/de\/#\/schema\/logo\/image\/","url":"https:\/\/www.orpailleur.ch\/wp-content\/uploads\/2020\/06\/LOrpailleur_Logo_Quadri-copy.png","contentUrl":"https:\/\/www.orpailleur.ch\/wp-content\/uploads\/2020\/06\/LOrpailleur_Logo_Quadri-copy.png","width":300,"height":134,"caption":"Cave l'orpailleur, Fr\u00e9d\u00e9ric Dumoulin, Encaveur"},"image":{"@id":"https:\/\/www.orpailleur.ch\/de\/#\/schema\/logo\/image\/"},"sameAs":["https:\/\/www.facebook.com\/cave.lorpailleur\/","https:\/\/www.instagram.com\/cave_lorpailleur\/"]}]}},"_links":{"self":[{"href":"https:\/\/www.orpailleur.ch\/de\/wp-json\/wp\/v2\/product\/14278","targetHints":{"allow":["GET"]}}],"collection":[{"href":"https:\/\/www.orpailleur.ch\/de\/wp-json\/wp\/v2\/product"}],"about":[{"href":"https:\/\/www.orpailleur.ch\/de\/wp-json\/wp\/v2\/types\/product"}],"replies":[{"embeddable":true,"href":"https:\/\/www.orpailleur.ch\/de\/wp-json\/wp\/v2\/comments?post=14278"}],"wp:featuredmedia":[{"embeddable":true,"href":"https:\/\/www.orpailleur.ch\/de\/wp-json\/wp\/v2\/media\/3591"}],"wp:attachment":[{"href":"https:\/\/www.orpailleur.ch\/de\/wp-json\/wp\/v2\/media?parent=14278"}],"wp:term":[{"taxonomy":"product_brand","embeddable":true,"href":"https:\/\/www.orpailleur.ch\/de\/wp-json\/wp\/v2\/product_brand?post=14278"},{"taxonomy":"product_cat","embeddable":true,"href":"https:\/\/www.orpailleur.ch\/de\/wp-json\/wp\/v2\/product_cat?post=14278"},{"taxonomy":"product_tag","embeddable":true,"href":"https:\/\/www.orpailleur.ch\/de\/wp-json\/wp\/v2\/product_tag?post=14278"},{"taxonomy":"product_taxonomy","embeddable":true,"href":"https:\/\/www.orpailleur.ch\/de\/wp-json\/wp\/v2\/product_taxonomy?post=14278"}],"curies":[{"name":"wp","href":"https:\/\/api.w.org\/{rel}","templated":true}]}}