{"id":3686,"date":"2020-05-07T02:55:34","date_gmt":"2020-05-07T02:55:34","guid":{"rendered":"https:\/\/www.orpailleur.ch\/vins\/"},"modified":"2024-04-24T08:39:53","modified_gmt":"2024-04-24T06:39:53","slug":"weine","status":"publish","type":"page","link":"https:\/\/www.orpailleur.ch\/de\/weine\/","title":{"rendered":"Weine"},"content":{"rendered":"<div class=\"wpb-content-wrapper\"><p>[vc_row type=&#8220;full-nopad&#8220; min_height=&#8220;400&#8243; css=&#8220;.vc_custom_1657535649671{margin-right: 0px !important;margin-left: 0px !important;padding-top: 0px !important;padding-right: 0px !important;padding-bottom: 0px !important;padding-left: 0px !important;background-image: url(https:\/\/www.orpailleur.ch\/wp-content\/uploads\/2020\/06\/190817_ORPAILLEUR_0299_NB.jpg?id=3547) !important;}&#8220; el_class=&#8220;shop-slider&#8220;][vc_column el_class=&#8220;orpailleur-image-slider-container&#8220;][vc_raw_html el_class=&#8220;orpailleur-slider-container&#8220;]JTNDZGl2JTIwY2xhc3MlM0QlMjJvcnBhaWxsZXVyLXNsaWRlciUyMHNsaWRlci0wMSUyMiUzRSUzQyUyRmRpdiUzRSUwQSUzQ2RpdiUyMGNsYXNzJTNEJTIyb3JwYWlsbGV1ci1zbGlkZXIlMjBzbGlkZXItMDIlMjIlM0UlM0MlMkZkaXYlM0UlMEElM0NkaXYlMjBjbGFzcyUzRCUyMm9ycGFpbGxldXItc2xpZGVyJTIwc2xpZGVyLTAzJTIyJTNFJTNDJTJGZGl2JTNFJTBBJTNDZGl2JTIwY2xhc3MlM0QlMjJvcnBhaWxsZXVyLXNsaWRlciUyMHNsaWRlci0wNCUyMiUzRSUzQyUyRmRpdiUzRSUwQSUzQ2RpdiUyMGNsYXNzJTNEJTIyb3JwYWlsbGV1ci1zbGlkZXIlMjBzbGlkZXItMDUlMjIlM0UlM0MlMkZkaXYlM0U=[\/vc_raw_html][\/vc_column][\/vc_row][vc_row max_width=&#8220;1024&#8243; css=&#8220;.vc_custom_1591263429066{padding-top: 50px !important;}&#8220;][vc_column][vc_custom_heading text=&#8220;Der Wein ist ein Medikament f\u00fcr die Seele, wird ohne Rezept verkauft und ist allen zug\u00e4nglich. Der massvolle Genuss hilft die Laune zu verbessern, f\u00f6rdert den Geist, ermutigt und weckt die Leidenschaften. Er versch\u00f6nert das Leben und erhebt die Leute.&#8220; font_container=&#8220;tag:h5|text_align:center|color:%238d7434&#8243; use_theme_fonts=&#8220;yes&#8220;][\/vc_column][\/vc_row][vc_row max_width=&#8220;1280&#8243; equal_height=&#8220;yes&#8220; content_placement=&#8220;middle&#8220;][vc_column width=&#8220;1\/3&#8243;][vc_custom_heading text=&#8220;Die Linie \u201eTradition\u201c&#8220; font_container=&#8220;tag:h5|text_align:left&#8220; use_theme_fonts=&#8220;yes&#8220;][vc_column_text]Die Weine der \u201eTradition\u201c -Linie sind der perfekte Ausdruck der Typizit\u00e4t der jeweiligen Rebsorte. Die Weissweine sind geradlinig, frisch und aromatisch, die fruchtigen und floralen Noten verschaffen ein augenblickliches Vergn\u00fcgen. Die Rotweine sind unverwechselbar, charaktervoll und zeigen sich rund und trinkreif f\u00fcr Gamay und Pinot Noir, mit mehr Struktur und Wucht f\u00fcr Merlot, Syrah und Cabernet Franc. Ein kurzer Aufenthalt im grossen gebrauchten Holzfass verleiht einigen dieser Rotweine eine zus\u00e4tzliche Dimension. [\/vc_column_text][\/vc_column][vc_column width=&#8220;2\/3&#8243; el_class=&#8220;btn-bottom-left has-btn&#8220;][vc_single_image image=&#8220;3548&#8243; img_size=&#8220;full&#8220; el_class=&#8220;img-not-blur img-has-color&#8220;]\r\n\t\t\t<div class=\"nm_btn_align_left\">\r\n\t\t\t\t<a href=\"https:\/\/www.orpailleur.ch\/de\/produkt-kategorie\/tradition-de\/\" class=\"nm_btn nm_btn_lg nm_btn_filled_rounded\">\r\n\t\t\t\t\t<span class=\"nm_btn_title\">Entdecken<\/span>\r\n\t\t\t\t\t<span class=\"nm_btn_bg\" style=\"background-color:#8d7434;\"><\/span>\r\n\t\t\t\t<\/a>\r\n\t\t\t<\/div>[\/vc_column][\/vc_row][vc_row max_width=&#8220;1280&#8243; equal_height=&#8220;yes&#8220; content_placement=&#8220;middle&#8220;][vc_column width=&#8220;2\/3&#8243; el_class=&#8220;btn-bottom-right vins has-btn&#8220;]\r\n\t\t\t<div class=\"nm_btn_align_right\">\r\n\t\t\t\t<a href=\"https:\/\/www.orpailleur.ch\/de\/produkt-kategorie\/ors\/\" class=\"nm_btn nm_btn_lg nm_btn_filled_rounded\">\r\n\t\t\t\t\t<span class=\"nm_btn_title\">Entdecken<\/span>\r\n\t\t\t\t\t<span class=\"nm_btn_bg\" style=\"background-color:#8d7434;\"><\/span>\r\n\t\t\t\t<\/a>\r\n\t\t\t<\/div>[vc_single_image image=&#8220;3549&#8243; img_size=&#8220;full&#8220; el_class=&#8220;img-not-blur img-has-color&#8220;][\/vc_column][vc_column width=&#8220;1\/3&#8243; el_class=&#8220;btn-bottom-left has-btn&#8220;][vc_custom_heading text=&#8220;Die Linie \u201eOr\u201c&#8220; font_container=&#8220;tag:h5|text_align:left&#8220; use_theme_fonts=&#8220;yes&#8220;][vc_column_text]Der Ausbau im Eichenholz Barrique verleiht dem Weinen Struktur, Komplexit\u00e4t und Zug\u00e4nglichkeit. Die Dauer des Holzkontakts, die Wahl der Fassgr\u00f6sse und der Holzart, sowie minimer Luftkontakt durch die Holzporen machen die Weine \u201eOr\u201c zu Gew\u00e4chsen, die sich \u00fcber mehrere Jahre verbessern und den anspruchsvollsten Gaumen bezaubern.[\/vc_column_text][\/vc_column][\/vc_row][vc_row max_width=&#8220;1280&#8243; equal_height=&#8220;yes&#8220; content_placement=&#8220;top&#8220; el_class=&#8220;img-has-color img-not-blur&#8220;][vc_column width=&#8220;1\/4&#8243; css=&#8220;.vc_custom_1589958719066{margin-top: 50px !important;}&#8220;][vc_custom_heading text=&#8220;Diamanterre&#8220; font_container=&#8220;tag:h5|text_align:left&#8220; use_theme_fonts=&#8220;yes&#8220;][vc_column_text]Clos de Grandinaz, La Tour stehen f\u00fcr Lagenbezeichnungen, die den felsigen Untergrund, die Sonne und die steilen Terrassen widerspiegeln. Der Clos Grandinaz, eine Lage, welche bereits im Grundbuch von 1930 erw\u00e4hnt wird und seit zwei Generationen der Stolz der Familie ist, verleiht dem Merlot und der Petite Arvine eine selten erreichte Konzentration und L\u00e4nge. La Tour ist ein Pinot ganz im Zeichen der Finesse und Eleganz, dessen raffinierte Struktur ihn jedoch f\u00fcr eine l\u00e4ngere Flaschenreife pr\u00e4destiniert.[\/vc_column_text][\/vc_column][vc_column width=&#8220;3\/4&#8243; el_class=&#8220;btn-bottom-left vins has-btn&#8220;]\r\n\t\t\t<div class=\"nm_btn_align_left\">\r\n\t\t\t\t<a href=\"https:\/\/www.orpailleur.ch\/de\/produkt-kategorie\/domaines\/\" class=\"nm_btn nm_btn_lg nm_btn_filled_rounded\">\r\n\t\t\t\t\t<span class=\"nm_btn_title\">Entdecken<\/span>\r\n\t\t\t\t\t<span class=\"nm_btn_bg\" style=\"background-color:#8d7434;\"><\/span>\r\n\t\t\t\t<\/a>\r\n\t\t\t<\/div>[vc_single_image image=&#8220;3558&#8243; img_size=&#8220;full&#8220;][\/vc_column][\/vc_row][vc_row type=&#8220;full-nopad&#8220; css=&#8220;.vc_custom_1591087488175{padding-top: 0px !important;}&#8220; el_class=&#8220;orpailleur-banner&#8220;][vc_column]\r\n\t\t\t<div class=\"nm-banner content-full image-type-fluid text-color-light subtitle-below\" style=\"\"><img fetchpriority=\"high\" decoding=\"async\" src=\"https:\/\/www.orpailleur.ch\/wp-content\/uploads\/2020\/06\/190817_ORPAILLEUR_0443-1.jpg\" width=\"2000\" height=\"850\" alt=\"190817_ORPAILLEUR_0443\" \/>\r\n\t\t\t<\/div>[\/vc_column][\/vc_row][vc_row max_width=&#8220;1280&#8243; equal_height=&#8220;yes&#8220; content_placement=&#8220;middle&#8220;][vc_column width=&#8220;1\/3&#8243; el_class=&#8220;btn-top-left has-btn&#8220;][vc_custom_heading text=&#8220;Die \u201eCuv\u00e9es\u201c&#8220; font_container=&#8220;tag:h5|text_align:right&#8220; use_theme_fonts=&#8220;yes&#8220;][\/vc_column][vc_column width=&#8220;1\/3&#8243;][vc_column_text]Das Markenzeichen des Orpailleurs. Zwei aussergew\u00f6hnliche Weine, inspiriert von der Tradition zweier grosser Weinl\u00e4nder, Italien und Frankreich. Die \u201eCuv\u00e9e \u201e ist ein Rotwein vom Amarone Typ, wo ausgew\u00e4hlte Trauben w\u00e4hrend Wochen angetrocknet und dann zu einem reichhaltigen und [\/vc_column_text][\/vc_column][vc_column width=&#8220;1\/3&#8243;][vc_column_text]komplexen Nektar vergoren werden, mit berauschenden Kirsch- und Weichselaromen. Der \u201eBrut\u201c ist ein Schaumwein Typ \u201eBlanc de Blancs\u201c, mit traditioneller Flascheng\u00e4rung und langem Ausbau auf der Hefe. Er zeigt sich frisch und aromatisch, komplex und mit einer feinen Perlage. [\/vc_column_text][\/vc_column][\/vc_row][vc_row max_width=&#8220;1280&#8243; equal_height=&#8220;yes&#8220; content_placement=&#8220;middle&#8220;][vc_column el_class=&#8220;btn-top-left vins has-btn&#8220;][vc_single_image image=&#8220;3556&#8243; img_size=&#8220;full&#8220; el_class=&#8220;img-not-blur img-has-color&#8220;]\r\n\t\t\t<div class=\"nm_btn_align_left\">\r\n\t\t\t\t<a href=\"https:\/\/www.orpailleur.ch\/de\/produkt-kategorie\/cuvees-de\/\" class=\"nm_btn nm_btn_lg nm_btn_filled_rounded\">\r\n\t\t\t\t\t<span class=\"nm_btn_title\">Entdecken<\/span>\r\n\t\t\t\t\t<span class=\"nm_btn_bg\" style=\"background-color:#8d7434;\"><\/span>\r\n\t\t\t\t<\/a>\r\n\t\t\t<\/div>[\/vc_column][\/vc_row][vc_row max_width=&#8220;1280&#8243; equal_height=&#8220;yes&#8220; content_placement=&#8220;middle&#8220;][vc_column width=&#8220;1\/3&#8243;][vc_custom_heading text=&#8220;Die Grand Crus&#8220; font_container=&#8220;tag:h5|text_align:left&#8220; use_theme_fonts=&#8220;yes&#8220;][vc_column_text]Der Orpailleur beteiligt sich auch an der Initiative \u201eGrand Cru Ville de Sion\u201c, die zwei grosse Rhone Rebsorten, Syrah und Hermitage (Marsanne) ins wohlverdiente Rampenlicht r\u00fcckt. In optimalen Bedingungen angebaut, dr\u00fccken sie aufs Sch\u00f6nste das Terroir aus und ergeben grossartige Weine. Qualit\u00e4tskontrollen im Rebberg, kleine Ertr\u00e4ge, Degustationskommission vor der Abf\u00fcllung- das sind ideale Rahmenbedingungen f\u00fcr die Produktion aussergew\u00f6hnlicher Crus[\/vc_column_text][\/vc_column][vc_column width=&#8220;2\/3&#8243; el_class=&#8220;btn-bottom-left has-btn&#8220;][vc_single_image image=&#8220;3553&#8243; img_size=&#8220;full&#8220; el_class=&#8220;img-not-blur img-has-color&#8220;]\r\n\t\t\t<div class=\"nm_btn_align_left\">\r\n\t\t\t\t<a href=\"https:\/\/www.orpailleur.ch\/de\/produkt-kategorie\/hors-categorie\/\" class=\"nm_btn nm_btn_lg nm_btn_filled_rounded\">\r\n\t\t\t\t\t<span class=\"nm_btn_title\">Entdecken<\/span>\r\n\t\t\t\t\t<span class=\"nm_btn_bg\" style=\"background-color:#8d7434;\"><\/span>\r\n\t\t\t\t<\/a>\r\n\t\t\t<\/div>[\/vc_column][\/vc_row][vc_row max_width=&#8220;1280&#8243; equal_height=&#8220;yes&#8220; content_placement=&#8220;middle&#8220;][vc_column width=&#8220;2\/3&#8243; el_class=&#8220;btn-bottom-right-2 vins has-btn&#8220;][vc_single_image image=&#8220;3554&#8243; img_size=&#8220;full&#8220; el_class=&#8220;img-not-blur img-has-color&#8220;]\r\n\t\t\t<div class=\"nm_btn_align_left\">\r\n\t\t\t\t<a href=\"https:\/\/www.orpailleur.ch\/de\/produkt-kategorie\/hors-categorie\/\" class=\"nm_btn nm_btn_lg nm_btn_filled_rounded\">\r\n\t\t\t\t\t<span class=\"nm_btn_title\">Entdecken<\/span>\r\n\t\t\t\t\t<span class=\"nm_btn_bg\" style=\"background-color:#8d7434;\"><\/span>\r\n\t\t\t\t<\/a>\r\n\t\t\t<\/div>[\/vc_column][vc_column width=&#8220;1\/3&#8243;][vc_custom_heading text=&#8220;Die Torpilleurs&#8220; font_container=&#8220;tag:h5|text_align:left&#8220; use_theme_fonts=&#8220;yes&#8220;][vc_column_text]Originell, verspielt und ein bisschen schr\u00e4g, steht der Torpilleur (Torpedist zu Deutsch, in der Umgangssprache auch derjenige, welcher betrunken macht) f\u00fcr eine ungew\u00f6hnliche und \u201eexplosive\u201c Ann\u00e4herung an das Weinuniversum. Exquisit, erschwinglich und aromatisch, erm\u00f6glichen diese Walliser Assemblagen in Rot und Weiss den Weingenuss auf eine unkomplizierte und gesellige Art. Mit dem Torpilleur kommt Ihr Ap\u00e9ro garantiert in Schwung.[\/vc_column_text][\/vc_column][\/vc_row][vc_row][vc_column][\/vc_column][\/vc_row]<\/p>\n<\/div>","protected":false},"excerpt":{"rendered":"<p>[vc_row type=&#8220;full-nopad&#8220; min_height=&#8220;400&#8243; css=&#8220;.vc_custom_1657535649671{margin-right: 0px !important;margin-left: 0px !important;padding-top: 0px !important;padding-right: 0px !important;padding-bottom: 0px !important;padding-left: 0px !important;background-image: url(https:\/\/www.orpailleur.ch\/wp-content\/uploads\/2020\/06\/190817_ORPAILLEUR_0299_NB.jpg?id=3547) !important;}&#8220; el_class=&#8220;shop-slider&#8220;][vc_column el_class=&#8220;orpailleur-image-slider-container&#8220;][vc_raw_html el_class=&#8220;orpailleur-slider-container&#8220;]JTNDZGl2JTIwY2xhc3MlM0QlMjJvcnBhaWxsZXVyLXNsaWRlciUyMHNsaWRlci0wMSUyMiUzRSUzQyUyRmRpdiUzRSUwQSUzQ2RpdiUyMGNsYXNzJTNEJTIyb3JwYWlsbGV1ci1zbGlkZXIlMjBzbGlkZXItMDIlMjIlM0UlM0MlMkZkaXYlM0UlMEElM0NkaXYlMjBjbGFzcyUzRCUyMm9ycGFpbGxldXItc2xpZGVyJTIwc2xpZGVyLTAzJTIyJTNFJTNDJTJGZGl2JTNFJTBBJTNDZGl2JTIwY2xhc3MlM0QlMjJvcnBhaWxsZXVyLXNsaWRlciUyMHNsaWRlci0wNCUyMiUzRSUzQyUyRmRpdiUzRSUwQSUzQ2RpdiUyMGNsYXNzJTNEJTIyb3JwYWlsbGV1ci1zbGlkZXIlMjBzbGlkZXItMDUlMjIlM0UlM0MlMkZkaXYlM0U=[\/vc_raw_html][\/vc_column][\/vc_row][vc_row max_width=&#8220;1024&#8243; css=&#8220;.vc_custom_1591263429066{padding-top: 50px !important;}&#8220;][vc_column][vc_custom_heading text=&#8220;Der Wein ist ein Medikament f\u00fcr die Seele, wird ohne Rezept verkauft und ist allen zug\u00e4nglich. Der massvolle Genuss hilft die Laune zu verbessern, f\u00f6rdert den Geist, ermutigt und weckt &hellip;<\/p>\n","protected":false},"author":1,"featured_media":0,"parent":0,"menu_order":0,"comment_status":"closed","ping_status":"closed","template":"templates\/page-full.php","meta":{"footnotes":""},"class_list":["post-3686","page","type-page","status-publish","hentry"],"yoast_head":"<!-- This site is optimized with the Yoast SEO plugin v27.3 - https:\/\/yoast.com\/product\/yoast-seo-wordpress\/ -->\n<title>Weine - Cave l&#039;orpailleur, Fr\u00e9d\u00e9ric Dumoulin, Encaveur<\/title>\n<meta name=\"robots\" content=\"index, follow, max-snippet:-1, max-image-preview:large, max-video-preview:-1\" \/>\n<link rel=\"canonical\" href=\"https:\/\/www.orpailleur.ch\/de\/weine\/\" \/>\n<meta property=\"og:locale\" content=\"de_DE\" \/>\n<meta property=\"og:type\" content=\"article\" \/>\n<meta property=\"og:title\" content=\"Weine - Cave l&#039;orpailleur, Fr\u00e9d\u00e9ric Dumoulin, Encaveur\" \/>\n<meta property=\"og:description\" content=\"[vc_row type=&#8220;full-nopad&#8220; min_height=&#8220;400&#8243; css=&#8220;.vc_custom_1657535649671{margin-right: 0px !important;margin-left: 0px !important;padding-top: 0px !important;padding-right: 0px !important;padding-bottom: 0px !important;padding-left: 0px !important;background-image: url(https:\/\/www.orpailleur.ch\/wp-content\/uploads\/2020\/06\/190817_ORPAILLEUR_0299_NB.jpg?id=3547) !important;}&#8220; el_class=&#8220;shop-slider&#8220;][vc_column el_class=&#8220;orpailleur-image-slider-container&#8220;][vc_raw_html el_class=&#8220;orpailleur-slider-container&#8220;]JTNDZGl2JTIwY2xhc3MlM0QlMjJvcnBhaWxsZXVyLXNsaWRlciUyMHNsaWRlci0wMSUyMiUzRSUzQyUyRmRpdiUzRSUwQSUzQ2RpdiUyMGNsYXNzJTNEJTIyb3JwYWlsbGV1ci1zbGlkZXIlMjBzbGlkZXItMDIlMjIlM0UlM0MlMkZkaXYlM0UlMEElM0NkaXYlMjBjbGFzcyUzRCUyMm9ycGFpbGxldXItc2xpZGVyJTIwc2xpZGVyLTAzJTIyJTNFJTNDJTJGZGl2JTNFJTBBJTNDZGl2JTIwY2xhc3MlM0QlMjJvcnBhaWxsZXVyLXNsaWRlciUyMHNsaWRlci0wNCUyMiUzRSUzQyUyRmRpdiUzRSUwQSUzQ2RpdiUyMGNsYXNzJTNEJTIyb3JwYWlsbGV1ci1zbGlkZXIlMjBzbGlkZXItMDUlMjIlM0UlM0MlMkZkaXYlM0U=[\/vc_raw_html][\/vc_column][\/vc_row][vc_row max_width=&#8220;1024&#8243; css=&#8220;.vc_custom_1591263429066{padding-top: 50px !important;}&#8220;][vc_column][vc_custom_heading text=&#8220;Der Wein ist ein Medikament f\u00fcr die Seele, wird ohne Rezept verkauft und ist allen zug\u00e4nglich. Der massvolle Genuss hilft die Laune zu verbessern, f\u00f6rdert den Geist, ermutigt und weckt &hellip;\" \/>\n<meta property=\"og:url\" content=\"https:\/\/www.orpailleur.ch\/de\/weine\/\" \/>\n<meta property=\"og:site_name\" content=\"Cave l&#039;orpailleur, Fr\u00e9d\u00e9ric Dumoulin, Encaveur\" \/>\n<meta property=\"article:publisher\" content=\"https:\/\/www.facebook.com\/cave.lorpailleur\/\" \/>\n<meta property=\"article:modified_time\" content=\"2024-04-24T06:39:53+00:00\" \/>\n<meta name=\"twitter:card\" content=\"summary_large_image\" \/>\n<meta name=\"twitter:label1\" content=\"Gesch\u00e4tzte Lesezeit\" \/>\n\t<meta name=\"twitter:data1\" content=\"5\u00a0Minuten\" \/>\n<script type=\"application\/ld+json\" class=\"yoast-schema-graph\">{\"@context\":\"https:\\\/\\\/schema.org\",\"@graph\":[{\"@type\":\"WebPage\",\"@id\":\"https:\\\/\\\/www.orpailleur.ch\\\/de\\\/weine\\\/\",\"url\":\"https:\\\/\\\/www.orpailleur.ch\\\/de\\\/weine\\\/\",\"name\":\"Weine - Cave l&#039;orpailleur, Fr\u00e9d\u00e9ric Dumoulin, Encaveur\",\"isPartOf\":{\"@id\":\"https:\\\/\\\/www.orpailleur.ch\\\/de\\\/#website\"},\"datePublished\":\"2020-05-07T02:55:34+00:00\",\"dateModified\":\"2024-04-24T06:39:53+00:00\",\"breadcrumb\":{\"@id\":\"https:\\\/\\\/www.orpailleur.ch\\\/de\\\/weine\\\/#breadcrumb\"},\"inLanguage\":\"de\",\"potentialAction\":[{\"@type\":\"ReadAction\",\"target\":[\"https:\\\/\\\/www.orpailleur.ch\\\/de\\\/weine\\\/\"]}]},{\"@type\":\"BreadcrumbList\",\"@id\":\"https:\\\/\\\/www.orpailleur.ch\\\/de\\\/weine\\\/#breadcrumb\",\"itemListElement\":[{\"@type\":\"ListItem\",\"position\":1,\"name\":\"Accueil\",\"item\":\"https:\\\/\\\/www.orpailleur.ch\\\/de\\\/\"},{\"@type\":\"ListItem\",\"position\":2,\"name\":\"Weine\"}]},{\"@type\":\"WebSite\",\"@id\":\"https:\\\/\\\/www.orpailleur.ch\\\/de\\\/#website\",\"url\":\"https:\\\/\\\/www.orpailleur.ch\\\/de\\\/\",\"name\":\"Cave l&#039;orpailleur, Fr\u00e9d\u00e9ric Dumoulin, Encaveur\",\"description\":\"L&#039;or de la terre\",\"publisher\":{\"@id\":\"https:\\\/\\\/www.orpailleur.ch\\\/de\\\/#organization\"},\"potentialAction\":[{\"@type\":\"SearchAction\",\"target\":{\"@type\":\"EntryPoint\",\"urlTemplate\":\"https:\\\/\\\/www.orpailleur.ch\\\/de\\\/?s={search_term_string}\"},\"query-input\":{\"@type\":\"PropertyValueSpecification\",\"valueRequired\":true,\"valueName\":\"search_term_string\"}}],\"inLanguage\":\"de\"},{\"@type\":\"Organization\",\"@id\":\"https:\\\/\\\/www.orpailleur.ch\\\/de\\\/#organization\",\"name\":\"Cave l'orpailleur, Fr\u00e9d\u00e9ric Dumoulin, Encaveur\",\"url\":\"https:\\\/\\\/www.orpailleur.ch\\\/de\\\/\",\"logo\":{\"@type\":\"ImageObject\",\"inLanguage\":\"de\",\"@id\":\"https:\\\/\\\/www.orpailleur.ch\\\/de\\\/#\\\/schema\\\/logo\\\/image\\\/\",\"url\":\"https:\\\/\\\/www.orpailleur.ch\\\/wp-content\\\/uploads\\\/2020\\\/06\\\/LOrpailleur_Logo_Quadri-copy.png\",\"contentUrl\":\"https:\\\/\\\/www.orpailleur.ch\\\/wp-content\\\/uploads\\\/2020\\\/06\\\/LOrpailleur_Logo_Quadri-copy.png\",\"width\":300,\"height\":134,\"caption\":\"Cave l'orpailleur, Fr\u00e9d\u00e9ric Dumoulin, Encaveur\"},\"image\":{\"@id\":\"https:\\\/\\\/www.orpailleur.ch\\\/de\\\/#\\\/schema\\\/logo\\\/image\\\/\"},\"sameAs\":[\"https:\\\/\\\/www.facebook.com\\\/cave.lorpailleur\\\/\",\"https:\\\/\\\/www.instagram.com\\\/cave_lorpailleur\\\/\"]}]}<\/script>\n<!-- \/ Yoast SEO plugin. -->","yoast_head_json":{"title":"Weine - Cave l&#039;orpailleur, Fr\u00e9d\u00e9ric Dumoulin, Encaveur","robots":{"index":"index","follow":"follow","max-snippet":"max-snippet:-1","max-image-preview":"max-image-preview:large","max-video-preview":"max-video-preview:-1"},"canonical":"https:\/\/www.orpailleur.ch\/de\/weine\/","og_locale":"de_DE","og_type":"article","og_title":"Weine - Cave l&#039;orpailleur, Fr\u00e9d\u00e9ric Dumoulin, Encaveur","og_description":"[vc_row type=&#8220;full-nopad&#8220; min_height=&#8220;400&#8243; css=&#8220;.vc_custom_1657535649671{margin-right: 0px !important;margin-left: 0px !important;padding-top: 0px !important;padding-right: 0px !important;padding-bottom: 0px !important;padding-left: 0px !important;background-image: url(https:\/\/www.orpailleur.ch\/wp-content\/uploads\/2020\/06\/190817_ORPAILLEUR_0299_NB.jpg?id=3547) !important;}&#8220; el_class=&#8220;shop-slider&#8220;][vc_column el_class=&#8220;orpailleur-image-slider-container&#8220;][vc_raw_html el_class=&#8220;orpailleur-slider-container&#8220;]JTNDZGl2JTIwY2xhc3MlM0QlMjJvcnBhaWxsZXVyLXNsaWRlciUyMHNsaWRlci0wMSUyMiUzRSUzQyUyRmRpdiUzRSUwQSUzQ2RpdiUyMGNsYXNzJTNEJTIyb3JwYWlsbGV1ci1zbGlkZXIlMjBzbGlkZXItMDIlMjIlM0UlM0MlMkZkaXYlM0UlMEElM0NkaXYlMjBjbGFzcyUzRCUyMm9ycGFpbGxldXItc2xpZGVyJTIwc2xpZGVyLTAzJTIyJTNFJTNDJTJGZGl2JTNFJTBBJTNDZGl2JTIwY2xhc3MlM0QlMjJvcnBhaWxsZXVyLXNsaWRlciUyMHNsaWRlci0wNCUyMiUzRSUzQyUyRmRpdiUzRSUwQSUzQ2RpdiUyMGNsYXNzJTNEJTIyb3JwYWlsbGV1ci1zbGlkZXIlMjBzbGlkZXItMDUlMjIlM0UlM0MlMkZkaXYlM0U=[\/vc_raw_html][\/vc_column][\/vc_row][vc_row max_width=&#8220;1024&#8243; css=&#8220;.vc_custom_1591263429066{padding-top: 50px !important;}&#8220;][vc_column][vc_custom_heading text=&#8220;Der Wein ist ein Medikament f\u00fcr die Seele, wird ohne Rezept verkauft und ist allen zug\u00e4nglich. Der massvolle Genuss hilft die Laune zu verbessern, f\u00f6rdert den Geist, ermutigt und weckt &hellip;","og_url":"https:\/\/www.orpailleur.ch\/de\/weine\/","og_site_name":"Cave l&#039;orpailleur, Fr\u00e9d\u00e9ric Dumoulin, Encaveur","article_publisher":"https:\/\/www.facebook.com\/cave.lorpailleur\/","article_modified_time":"2024-04-24T06:39:53+00:00","twitter_card":"summary_large_image","twitter_misc":{"Gesch\u00e4tzte Lesezeit":"5\u00a0Minuten"},"schema":{"@context":"https:\/\/schema.org","@graph":[{"@type":"WebPage","@id":"https:\/\/www.orpailleur.ch\/de\/weine\/","url":"https:\/\/www.orpailleur.ch\/de\/weine\/","name":"Weine - Cave l&#039;orpailleur, Fr\u00e9d\u00e9ric Dumoulin, Encaveur","isPartOf":{"@id":"https:\/\/www.orpailleur.ch\/de\/#website"},"datePublished":"2020-05-07T02:55:34+00:00","dateModified":"2024-04-24T06:39:53+00:00","breadcrumb":{"@id":"https:\/\/www.orpailleur.ch\/de\/weine\/#breadcrumb"},"inLanguage":"de","potentialAction":[{"@type":"ReadAction","target":["https:\/\/www.orpailleur.ch\/de\/weine\/"]}]},{"@type":"BreadcrumbList","@id":"https:\/\/www.orpailleur.ch\/de\/weine\/#breadcrumb","itemListElement":[{"@type":"ListItem","position":1,"name":"Accueil","item":"https:\/\/www.orpailleur.ch\/de\/"},{"@type":"ListItem","position":2,"name":"Weine"}]},{"@type":"WebSite","@id":"https:\/\/www.orpailleur.ch\/de\/#website","url":"https:\/\/www.orpailleur.ch\/de\/","name":"Cave l&#039;orpailleur, Fr\u00e9d\u00e9ric Dumoulin, Encaveur","description":"L&#039;or de la terre","publisher":{"@id":"https:\/\/www.orpailleur.ch\/de\/#organization"},"potentialAction":[{"@type":"SearchAction","target":{"@type":"EntryPoint","urlTemplate":"https:\/\/www.orpailleur.ch\/de\/?s={search_term_string}"},"query-input":{"@type":"PropertyValueSpecification","valueRequired":true,"valueName":"search_term_string"}}],"inLanguage":"de"},{"@type":"Organization","@id":"https:\/\/www.orpailleur.ch\/de\/#organization","name":"Cave l'orpailleur, Fr\u00e9d\u00e9ric Dumoulin, Encaveur","url":"https:\/\/www.orpailleur.ch\/de\/","logo":{"@type":"ImageObject","inLanguage":"de","@id":"https:\/\/www.orpailleur.ch\/de\/#\/schema\/logo\/image\/","url":"https:\/\/www.orpailleur.ch\/wp-content\/uploads\/2020\/06\/LOrpailleur_Logo_Quadri-copy.png","contentUrl":"https:\/\/www.orpailleur.ch\/wp-content\/uploads\/2020\/06\/LOrpailleur_Logo_Quadri-copy.png","width":300,"height":134,"caption":"Cave l'orpailleur, Fr\u00e9d\u00e9ric Dumoulin, Encaveur"},"image":{"@id":"https:\/\/www.orpailleur.ch\/de\/#\/schema\/logo\/image\/"},"sameAs":["https:\/\/www.facebook.com\/cave.lorpailleur\/","https:\/\/www.instagram.com\/cave_lorpailleur\/"]}]}},"_links":{"self":[{"href":"https:\/\/www.orpailleur.ch\/de\/wp-json\/wp\/v2\/pages\/3686","targetHints":{"allow":["GET"]}}],"collection":[{"href":"https:\/\/www.orpailleur.ch\/de\/wp-json\/wp\/v2\/pages"}],"about":[{"href":"https:\/\/www.orpailleur.ch\/de\/wp-json\/wp\/v2\/types\/page"}],"author":[{"embeddable":true,"href":"https:\/\/www.orpailleur.ch\/de\/wp-json\/wp\/v2\/users\/1"}],"replies":[{"embeddable":true,"href":"https:\/\/www.orpailleur.ch\/de\/wp-json\/wp\/v2\/comments?post=3686"}],"version-history":[{"count":14,"href":"https:\/\/www.orpailleur.ch\/de\/wp-json\/wp\/v2\/pages\/3686\/revisions"}],"predecessor-version":[{"id":13190,"href":"https:\/\/www.orpailleur.ch\/de\/wp-json\/wp\/v2\/pages\/3686\/revisions\/13190"}],"wp:attachment":[{"href":"https:\/\/www.orpailleur.ch\/de\/wp-json\/wp\/v2\/media?parent=3686"}],"curies":[{"name":"wp","href":"https:\/\/api.w.org\/{rel}","templated":true}]}}